{"id":7862,"date":"2023-07-11T16:52:11","date_gmt":"2023-07-11T14:52:11","guid":{"rendered":"https:\/\/non-stopshop.eu\/hu\/?post_type=product&#038;p=7862"},"modified":"2023-09-19T10:24:34","modified_gmt":"2023-09-19T08:24:34","slug":"szappan-az-osz-hajszalak-sotetitesere","status":"publish","type":"product","link":"https:\/\/non-stopshop.eu\/hu\/termek\/szappan-az-osz-hajszalak-sotetitesere\/","title":{"rendered":"Szappan az \u0151sz hajsz\u00e1lak s\u00f6t\u00e9t\u00edt\u00e9s\u00e9re"},"content":{"rendered":"","protected":false},"excerpt":{"rendered":"<p id=\"tw-target-text\" class=\"tw-data-text tw-text-large tw-ta\" dir=\"ltr\" data-placeholder=\"Prijevod\">Ezzel a hat\u00e9kony szappannal fokozatosan szabadulhat meg az \u0151sz sz\u00e1lakt\u00f3l. Egyszer\u0171 \u00e9s k\u00f6nny\u0171 \u2013 ak\u00e1r a hajmos\u00e1s samponnal!<\/p>\n","protected":false},"featured_media":7875,"comment_status":"closed","ping_status":"closed","template":"","meta":{"inline_featured_image":false},"product_brand":[],"product_cat":[15,28,26],"product_tag":[],"class_list":{"0":"post-7862","1":"product","2":"type-product","3":"status-publish","4":"has-post-thumbnail","6":"product_cat-uncategorized","7":"product_cat-beauty","8":"product_cat-health","10":"first","11":"instock","12":"sale","13":"taxable","14":"shipping-taxable","15":"purchasable","16":"product-type-simple"},"acf":[],"_links":{"self":[{"href":"https:\/\/non-stopshop.eu\/hu\/wp-json\/wp\/v2\/product\/7862","targetHints":{"allow":["GET"]}}],"collection":[{"href":"https:\/\/non-stopshop.eu\/hu\/wp-json\/wp\/v2\/product"}],"about":[{"href":"https:\/\/non-stopshop.eu\/hu\/wp-json\/wp\/v2\/types\/product"}],"replies":[{"embeddable":true,"href":"https:\/\/non-stopshop.eu\/hu\/wp-json\/wp\/v2\/comments?post=7862"}],"wp:featuredmedia":[{"embeddable":true,"href":"https:\/\/non-stopshop.eu\/hu\/wp-json\/wp\/v2\/media\/7875"}],"wp:attachment":[{"href":"https:\/\/non-stopshop.eu\/hu\/wp-json\/wp\/v2\/media?parent=7862"}],"wp:term":[{"taxonomy":"product_brand","embeddable":true,"href":"https:\/\/non-stopshop.eu\/hu\/wp-json\/wp\/v2\/product_brand?post=7862"},{"taxonomy":"product_cat","embeddable":true,"href":"https:\/\/non-stopshop.eu\/hu\/wp-json\/wp\/v2\/product_cat?post=7862"},{"taxonomy":"product_tag","embeddable":true,"href":"https:\/\/non-stopshop.eu\/hu\/wp-json\/wp\/v2\/product_tag?post=7862"}],"curies":[{"name":"wp","href":"https:\/\/api.w.org\/{rel}","templated":true}]}}