{"id":8215,"date":"2023-08-11T13:51:37","date_gmt":"2023-08-11T11:51:37","guid":{"rendered":"https:\/\/non-stopshop.eu\/hu\/?post_type=product&#038;p=8215"},"modified":"2023-11-10T10:24:29","modified_gmt":"2023-11-10T09:24:29","slug":"derekov-edzeshez","status":"publish","type":"product","link":"https:\/\/non-stopshop.eu\/hu\/termek\/derekov-edzeshez\/","title":{"rendered":"Der\u00e9k\u00f6v edz\u00e9shez"},"content":{"rendered":"","protected":false},"excerpt":{"rendered":"<p id=\"tw-target-text\" class=\"tw-data-text tw-text-large tw-ta\" dir=\"ltr\" data-placeholder=\"Prijevod\">Ez a k\u00e9nyelmes \u00e9s l\u00e9g\u00e1tereszt\u0151 rugalmas der\u00e9k\u00f6v biztons\u00e1g\u00e9rzetet \u00e9s k\u00f6nny\u0171 mozg\u00e1st biztos\u00edt a cs\u00edp\u0151nek \u00e9s a h\u00e1tnak. Cs\u00f6kkenti a h\u00e1tf\u00e1j\u00e1st \u00e9s gyorsabban \u00e9geti el a kal\u00f3ri\u00e1kat, a narancsb\u0151r pedig ak\u00e1r 2-3-szor gyorsabban is elt\u0171nik ennek az \u00f6vnek k\u00f6sz\u00f6nhet\u0151en.<\/p>\n","protected":false},"featured_media":8224,"comment_status":"closed","ping_status":"closed","template":"","meta":{"inline_featured_image":false},"product_brand":[],"product_cat":[15,28,26],"product_tag":[],"class_list":{"0":"post-8215","1":"product","2":"type-product","3":"status-publish","4":"has-post-thumbnail","6":"product_cat-uncategorized","7":"product_cat-beauty","8":"product_cat-health","10":"first","11":"instock","12":"sale","13":"taxable","14":"shipping-taxable","15":"purchasable","16":"product-type-simple"},"acf":[],"_links":{"self":[{"href":"https:\/\/non-stopshop.eu\/hu\/wp-json\/wp\/v2\/product\/8215","targetHints":{"allow":["GET"]}}],"collection":[{"href":"https:\/\/non-stopshop.eu\/hu\/wp-json\/wp\/v2\/product"}],"about":[{"href":"https:\/\/non-stopshop.eu\/hu\/wp-json\/wp\/v2\/types\/product"}],"replies":[{"embeddable":true,"href":"https:\/\/non-stopshop.eu\/hu\/wp-json\/wp\/v2\/comments?post=8215"}],"wp:featuredmedia":[{"embeddable":true,"href":"https:\/\/non-stopshop.eu\/hu\/wp-json\/wp\/v2\/media\/8224"}],"wp:attachment":[{"href":"https:\/\/non-stopshop.eu\/hu\/wp-json\/wp\/v2\/media?parent=8215"}],"wp:term":[{"taxonomy":"product_brand","embeddable":true,"href":"https:\/\/non-stopshop.eu\/hu\/wp-json\/wp\/v2\/product_brand?post=8215"},{"taxonomy":"product_cat","embeddable":true,"href":"https:\/\/non-stopshop.eu\/hu\/wp-json\/wp\/v2\/product_cat?post=8215"},{"taxonomy":"product_tag","embeddable":true,"href":"https:\/\/non-stopshop.eu\/hu\/wp-json\/wp\/v2\/product_tag?post=8215"}],"curies":[{"name":"wp","href":"https:\/\/api.w.org\/{rel}","templated":true}]}}