{"id":9920,"date":"2023-11-07T08:49:49","date_gmt":"2023-11-07T07:49:49","guid":{"rendered":"https:\/\/non-stopshop.eu\/hu\/?post_type=product&#038;p=9920"},"modified":"2023-11-08T16:01:51","modified_gmt":"2023-11-08T15:01:51","slug":"vakuumos-tisztito-es-sterilizalo","status":"publish","type":"product","link":"https:\/\/non-stopshop.eu\/hu\/termek\/vakuumos-tisztito-es-sterilizalo\/","title":{"rendered":"V\u00e1kuumos tiszt\u00edt\u00f3 \u00e9s steriliz\u00e1l\u00f3"},"content":{"rendered":"","protected":false},"excerpt":{"rendered":"<p id=\"tw-target-text\" class=\"tw-data-text tw-text-large tw-ta\" dir=\"ltr\" data-placeholder=\"Prijevod\">Ez az UV-steriliz\u00e1l\u00f3, valamint a por- \u00e9s atkatiszt\u00edt\u00f3 eszk\u00f6z garant\u00e1lja a friss \u00e9s biztons\u00e1gos k\u00f6rnyezetet. Engedje meg mag\u00e1nak a t\u00f6k\u00e9letesen tiszta otthont!<\/p>\n","protected":false},"featured_media":9929,"comment_status":"closed","ping_status":"closed","template":"","meta":{"inline_featured_image":false},"product_brand":[],"product_cat":[15,27],"product_tag":[],"class_list":{"0":"post-9920","1":"product","2":"type-product","3":"status-publish","4":"has-post-thumbnail","6":"product_cat-uncategorized","7":"product_cat-home","9":"first","10":"instock","11":"sale","12":"taxable","13":"shipping-taxable","14":"purchasable","15":"product-type-simple"},"acf":[],"_links":{"self":[{"href":"https:\/\/non-stopshop.eu\/hu\/wp-json\/wp\/v2\/product\/9920","targetHints":{"allow":["GET"]}}],"collection":[{"href":"https:\/\/non-stopshop.eu\/hu\/wp-json\/wp\/v2\/product"}],"about":[{"href":"https:\/\/non-stopshop.eu\/hu\/wp-json\/wp\/v2\/types\/product"}],"replies":[{"embeddable":true,"href":"https:\/\/non-stopshop.eu\/hu\/wp-json\/wp\/v2\/comments?post=9920"}],"wp:featuredmedia":[{"embeddable":true,"href":"https:\/\/non-stopshop.eu\/hu\/wp-json\/wp\/v2\/media\/9929"}],"wp:attachment":[{"href":"https:\/\/non-stopshop.eu\/hu\/wp-json\/wp\/v2\/media?parent=9920"}],"wp:term":[{"taxonomy":"product_brand","embeddable":true,"href":"https:\/\/non-stopshop.eu\/hu\/wp-json\/wp\/v2\/product_brand?post=9920"},{"taxonomy":"product_cat","embeddable":true,"href":"https:\/\/non-stopshop.eu\/hu\/wp-json\/wp\/v2\/product_cat?post=9920"},{"taxonomy":"product_tag","embeddable":true,"href":"https:\/\/non-stopshop.eu\/hu\/wp-json\/wp\/v2\/product_tag?post=9920"}],"curies":[{"name":"wp","href":"https:\/\/api.w.org\/{rel}","templated":true}]}}