{"id":100,"date":"2020-10-28T10:57:15","date_gmt":"2020-10-28T10:57:15","guid":{"rendered":"https:\/\/shopium.eu\/rs\/?page_id=100"},"modified":"2023-04-25T15:19:11","modified_gmt":"2023-04-25T13:19:11","slug":"uslovi-poslovanja","status":"publish","type":"page","link":"https:\/\/non-stopshop.eu\/it\/uslovi-poslovanja\/","title":{"rendered":"Termini &amp; Condizioni"},"content":{"rendered":"<p><strong>Condizioni generali d\u2019affari<\/strong><\/p>\n<p>NonStopShop.com\/ (di seguito &#8220;noi&#8221;, &#8220;ci&#8221;, &#8220;il nostro&#8221;, &#8220;alla nostra&#8221;, \u201cal nostro&#8221;, ecc.) \u00e8 un negozio online di propriet\u00e0 dell\u2019azienda ECTCEU d.o.o. (di seguito &#8220;noi&#8221;, &#8220;ci&#8221;, &#8220;il nostro&#8221;, &#8220;alla nostra&#8221;, \u201cal nostro&#8221; ecc.), che opera in conformit\u00e0 con la legge sul commercio elettronico e tutte le altre leggi e regolamenti applicabili nell&#8217;Unione Europea. Visitando o acquistando nel nostro negozio online, accettate i termini di utilizzo indicati di seguito. Vi preghiamo di leggerli attentamente e di familiarizzarvi con le regole che applichiamo. Ci riserviamo il diritto di apportare modifiche e cambiamenti ai presenti Termini e condizioni di utilizzo senza preavviso.<\/p>\n<p><strong>Dichiarazione sulla protezione della privacy<\/strong><\/p>\n<p>In nome del nostro negozio online, ci impegniamo a proteggere la privacy di tutti i nostri clienti in conformit\u00e0 con la legge (GDPR) e i regolamenti nell&#8217;Unione Europea e le disposizioni stabilite dalla legge locale. Raccogliamo solo i dati di base necessari sui clienti\/utenti e i dati necessari per svolgere l&#8217;attivit\u00e0 e per informare gli utenti in conformit\u00e0 con le buone pratiche commerciali nonch\u00e9 al fine di fornire i servizi di qualit\u00e0. Offriamo ai clienti la possibilit\u00e0 di fare le proprie scelte, inclusa la possibilit\u00e0 di decidere se desiderano o meno essere eliminati dalle mailing list utilizzate per le campagne di marketing. Tutti i dati dell&#8217;utente\/cliente sono rigorosamente conservati e sono disponibili solo per i dipendenti che hanno bisogno di questi dati per svolgere il lavoro. Tutti i dipendenti della nostra azienda (e dei partner commerciali) sono tenuti a rispettare i principi di tutela della privacy.<\/p>\n<p><strong>Prezzi<\/strong><\/p>\n<p>Tutti i prezzi dei prodotti indicati nel sito sono con l\u2019IVA inclusa. Siamo tenuti ad accettare qualsiasi prezzo a cui hai effettuato un ordine di acquisto, indipendentemente dal fatto che il prezzo del prodotto sia cambiato rispetto al momento della creazione dell&#8217;ordine di acquisto. Per\u00f2 abbiamo il diritto di annullare l&#8217;ordine di acquisto inviando una e-mail di notifica all\u2019utente se si \u00e8 verificato un errore grosso durante l&#8217;impostazione del prezzo sul sito. Riceverai una fattura al momento dell&#8217;acquisto in formato elettronico all&#8217;indirizzo e-mail che hai lasciato al momento dell&#8217;acquisto.<\/p>\n<p><strong>Consegna<\/strong><\/p>\n<p>Tutti i prodotti presentati sul nostro sito web si trovano anche nel nostro magazzino. In fase di acquisto l&#8217;acquirente \u00e8 tenuto a pagare le spese di consegna al ricevimento della merce, salvo che per l&#8217;ordinazione di determinati prodotti, che contengono indicazione: &#8220;le spese di consegna sono incluse nel prezzo&#8221; o &#8220;consegna gratuita&#8221;. Utilizziamo i servizi di consegna GLS e Packeta per consegnare gli ordini. Abbiamo firmato un accordo di collaborazione commerciale con tutti i servizi di corriere di cui sopra. Il tempo di consegna dei prodotti ordinati dura da 2 a 5 giorni lavorativi (a causa della situazione di COVID-19, esiste la possibilit\u00e0 di prolungare i tempi di consegna). I prodotti ordinati vengono consegnati all&#8217;indirizzo indicato come indirizzo di consegna.<\/p>\n<p><strong>Propriet\u00e0 intellettuale<\/strong><\/p>\n<p>Il contenuto visualizzato su questo sito come pagine, elementi di design (pulsanti, icone, ecc.), testi, foto, loghi, registrazioni audio e software sono di nostra propriet\u00e0 o dei nostri partner e non possono essere utilizzati senza il nostro previo consenso. Se ritenete che il contenuto del nostro sito web sia vostro e che sia stato utilizzato in modo improprio, vi preghiamo di contattarci per determinare la propriet\u00e0 intellettuale. Tutte le informazioni disponibili sul sito web sono esclusivamente a scopo informativo, non possono essere utilizzate per scopi commerciali o distribuite a terzi<\/p>\n<p><strong>Commenti, comunicazioni e altri contenuti lasciati dai visitatori<\/strong><\/p>\n<p>I visitatori possono lasciare i commenti per prodotti e inviare messaggi alla nostra e-mail. Abbiamo il diritto di non pubblicare commenti dannosi, i commenti che contengono dichiarazioni oscene, diffondono odio o in qualsiasi modo mettono in pericolo i diritti altrui. Tali commenti verranno rimossi senza preavviso. Il furto d&#8217;identit\u00e0 e la registrazione con l&#8217;indirizzo email altrui non sono consentiti. Contro tali attivit\u00e0 possiamo avviare procedimenti legali appropriati.<\/p>\n<p><strong>Descrizioni dei prodotti<\/strong><\/p>\n<p>\u00c8 nostro interesse descrivere tutti i prodotti nel modo pi\u00f9 accurato possibile. Inoltre, non garantiamo che tutte le informazioni fornite sul prodotto siano accurate, complete, affidabili e prive di errori. Se il prodotto che avete acquistato devia dai dati elencati sul sito, potete restituirlo integro con l&#8217;attrezzatura completa che lo accompagna e vi rimborseremo i soldi.<\/p>\n<p><strong>Orario di lavoro<\/strong><\/p>\n<p>Il nostro orario di lavoro \u00e8 dalle 9 alle 17, 5 giorni alla settimana (luned\u00ec, marted\u00ec, mercoled\u00ec, gioved\u00ec, venerd\u00ec). In caso di problemi tecnici o durante la manutenzione regolare, il sito potrebbe non essere disponibile per un breve periodo di tempo, di cui sarai avvisato.<\/p>\n<p><strong>Modifica (aggiornamento) dei dati sul sito<\/strong><\/p>\n<p>Ci riserviamo il diritto di modificare le informazioni visualizzate su qualsiasi pagina del sito Web in qualsiasi momento, senza preavviso. I visitatori del sito Web non hanno il diritto di modificare unilateralmente i termini di utilizzo e ogni possibile modifica non \u00e8 valida a meno che entrambe le parti non danno il loro accordo per iscritto.<\/p>\n<p><strong>Altro<\/strong><\/p>\n<p>L&#8217;inapplicabilit\u00e0 parziale o totale o l&#8217;illegalit\u00e0 di una determinata disposizione dei Termini e condizioni d&#8217;utilizzo non pregiudica la validit\u00e0 delle altre disposizioni che restano in vigore nel loro insieme. Una disposizione inapplicabile o illegale sar\u00e0 sostituita da un&#8217;altra disposizione appropriata. Accettate di non trasferire i vostri diritti e obblighi ai sensi dei presenti Termini e condizioni d\u2019utilizzo a terzi senza il nostro esplicito consenso scritto.<\/p>\n<p>&nbsp;<\/p>\n","protected":false},"excerpt":{"rendered":"<p>Condizioni generali d\u2019affari NonStopShop.com\/ (di seguito &#8220;noi&#8221;, &#8220;ci&#8221;, &#8220;il nostro&#8221;, &#8220;alla nostra&#8221;, \u201cal nostro&#8221;, ecc.) \u00e8 un negozio online di propriet\u00e0 dell\u2019azienda ECTCEU d.o.o. (di seguito &#8220;noi&#8221;, &#8220;ci&#8221;, &#8220;il nostro&#8221;, &#8220;alla nostra&#8221;, \u201cal nostro&#8221; ecc.), che opera in conformit\u00e0 con la legge sul commercio elettronico e tutte le altre leggi e regolamenti applicabili nell&#8217;Unione Europea. &hellip; <a href=\"https:\/\/non-stopshop.eu\/it\/uslovi-poslovanja\/\">Continued<\/a><\/p>\n","protected":false},"author":1,"featured_media":0,"parent":0,"menu_order":0,"comment_status":"closed","ping_status":"closed","template":"","meta":{"inline_featured_image":false,"footnotes":""},"class_list":["post-100","page","type-page","status-publish","hentry"],"acf":[],"_links":{"self":[{"href":"https:\/\/non-stopshop.eu\/it\/wp-json\/wp\/v2\/pages\/100","targetHints":{"allow":["GET"]}}],"collection":[{"href":"https:\/\/non-stopshop.eu\/it\/wp-json\/wp\/v2\/pages"}],"about":[{"href":"https:\/\/non-stopshop.eu\/it\/wp-json\/wp\/v2\/types\/page"}],"author":[{"embeddable":true,"href":"https:\/\/non-stopshop.eu\/it\/wp-json\/wp\/v2\/users\/1"}],"replies":[{"embeddable":true,"href":"https:\/\/non-stopshop.eu\/it\/wp-json\/wp\/v2\/comments?post=100"}],"version-history":[{"count":7,"href":"https:\/\/non-stopshop.eu\/it\/wp-json\/wp\/v2\/pages\/100\/revisions"}],"predecessor-version":[{"id":11054,"href":"https:\/\/non-stopshop.eu\/it\/wp-json\/wp\/v2\/pages\/100\/revisions\/11054"}],"wp:attachment":[{"href":"https:\/\/non-stopshop.eu\/it\/wp-json\/wp\/v2\/media?parent=100"}],"curies":[{"name":"wp","href":"https:\/\/api.w.org\/{rel}","templated":true}]}}