{"id":104,"date":"2020-10-28T10:57:46","date_gmt":"2020-10-28T10:57:46","guid":{"rendered":"https:\/\/shopium.eu\/rs\/?page_id=104"},"modified":"2021-01-08T16:56:09","modified_gmt":"2021-01-08T15:56:09","slug":"chi-siamo","status":"publish","type":"page","link":"https:\/\/non-stopshop.eu\/it\/chi-siamo\/","title":{"rendered":"Chi Siamo"},"content":{"rendered":"<p><strong>Il nostro modo di pensare attraverso il prisma del MARCHIO: chi siamo e perch\u00e9 esistiamo da cos\u00ec tanto tempo?<\/strong><\/p>\n<p>Nello stile di vita frenetico di oggi, qualsiasi attivit\u00e0 commerciale si basa sulla realizzazione del maggior profitto possibile. Ma anche questo viene superato a dipendenza dei cambiamenti quotidiani nel mondo, e semplicemente non \u00e8 pi\u00f9\u2019 sufficiente solo il profitto come raggiungimento dell&#8217;obiettivo di una sola parte.<br \/>\nA volte, \u00e8 meglio guardare le cose da un punto di vista diverso, spesso anche in modo pi\u00f9 realistico, al fine di vedere cosa \u00e8 veramente necessario per salire un gradino pi\u00f9 in alto.<br \/>\nDi conseguenza, nel 2018 abbiamo iniziato a interpellare le persone con un obiettivo primario di vedere di cosa hanno veramente bisogno nella loro vita quotidiana e in base alle risposte abbiamo adeguato il nostro modello d\u2019affari.<\/p>\n<p>&nbsp;<\/p>\n<p><strong>Il nostro obbiettivo:<\/strong><br \/>\nIl mercato mondiale di Internet \u00e8 invaso da un numero infinito di prodotti offerti da tutte le parti, e solo la loro ordinazione \u00e8 un grosso problema e un disordine, il motivo per cui le persone hanno delle riserve quando si tratta di cose del genere.<br \/>\nDiventa difficile distinguere quale negozio online ha un modello d\u2019affari ben sviluppato e un&#8217;organizzazione di alto livello dove la priorit\u00e0 \u00e8 il cliente e l\u2019acquisto sicuro!<br \/>\nTutto questo non dovrebbe essere ragione per non godere delle curiosit\u00e0 che sono disponibili per noi solo online, ecco perch\u00e9 siamo qui, perch\u00e9 offriamo un filtro e un&#8217;opzione sicura per la gente curiosa come noi.<br \/>\nIn linea con il mercato Internet globale che monitoriamo costantemente, vogliamo raccogliere tutti i prodotti di tendenza migliori e pi\u00f9 necessari in un unico luogo che vi renderanno pi\u00f9 felici e vi semplificheranno la vita di tutti i giorni.<br \/>\nUno dei parametri che si \u00e8 rivelato primario durante la nostra indagine \u00e8 la consegna rapida, quindi in base a ci\u00f2, tutti i prodotti che abbiamo sul sito Web li teniamo in stock reali nei nostri magazzini in Europa, in modo che siano disponibili<br \/>\nsubito e adesso!<br \/>\nCertamente, la parte pi\u00f9 importante \u00e8 la qualit\u00e0 del prodotto ed \u00e8 per questo che testiamo e controlliamo attentamente tutte le funzionalit\u00e0 di ogni singolo prodotto prima di inserirlo sul mercato per assicurarci che il prodotto corrisponda realmente agli standard di qualit\u00e0 visualizzati.<\/p>\n<p><strong>Il nostro motto:<\/strong><br \/>\nEsploriamo il mercato per voi e per i prodotti che amate &#8211; senza alcun rischio subito da voi!<\/p>\n","protected":false},"excerpt":{"rendered":"<p>Il nostro modo di pensare attraverso il prisma del MARCHIO: chi siamo e perch\u00e9 esistiamo da cos\u00ec tanto tempo? Nello stile di vita frenetico di oggi, qualsiasi attivit\u00e0 commerciale si basa sulla realizzazione del maggior profitto possibile. Ma anche questo viene superato a dipendenza dei cambiamenti quotidiani nel mondo, e semplicemente non \u00e8 pi\u00f9\u2019 sufficiente &hellip; <a href=\"https:\/\/non-stopshop.eu\/it\/chi-siamo\/\">Continued<\/a><\/p>\n","protected":false},"author":1,"featured_media":0,"parent":0,"menu_order":0,"comment_status":"closed","ping_status":"closed","template":"","meta":{"inline_featured_image":false,"footnotes":""},"class_list":["post-104","page","type-page","status-publish","hentry"],"acf":[],"_links":{"self":[{"href":"https:\/\/non-stopshop.eu\/it\/wp-json\/wp\/v2\/pages\/104","targetHints":{"allow":["GET"]}}],"collection":[{"href":"https:\/\/non-stopshop.eu\/it\/wp-json\/wp\/v2\/pages"}],"about":[{"href":"https:\/\/non-stopshop.eu\/it\/wp-json\/wp\/v2\/types\/page"}],"author":[{"embeddable":true,"href":"https:\/\/non-stopshop.eu\/it\/wp-json\/wp\/v2\/users\/1"}],"replies":[{"embeddable":true,"href":"https:\/\/non-stopshop.eu\/it\/wp-json\/wp\/v2\/comments?post=104"}],"version-history":[{"count":3,"href":"https:\/\/non-stopshop.eu\/it\/wp-json\/wp\/v2\/pages\/104\/revisions"}],"predecessor-version":[{"id":1035,"href":"https:\/\/non-stopshop.eu\/it\/wp-json\/wp\/v2\/pages\/104\/revisions\/1035"}],"wp:attachment":[{"href":"https:\/\/non-stopshop.eu\/it\/wp-json\/wp\/v2\/media?parent=104"}],"curies":[{"name":"wp","href":"https:\/\/api.w.org\/{rel}","templated":true}]}}