{"id":10094,"date":"2022-08-11T15:32:34","date_gmt":"2022-08-11T13:32:34","guid":{"rendered":"https:\/\/non-stopshop.eu\/it\/?post_type=product&#038;p=10094"},"modified":"2023-04-13T15:58:55","modified_gmt":"2023-04-13T13:58:55","slug":"orologio-con-macchina-telecomandata","status":"publish","type":"product","link":"https:\/\/non-stopshop.eu\/it\/prodotto\/orologio-con-macchina-telecomandata\/","title":{"rendered":"Orologio con macchina telecomandata"},"content":{"rendered":"","protected":false},"excerpt":{"rendered":"<p>Un giocattolo fenomenale e pratico, far\u00e0 sorridere e divertire ogni bambino in varie situazioni. Il pratico design permetter\u00e0 al bambino di portare sempre con s\u00e9 il suo giocattolo preferito!<\/p>\n","protected":false},"featured_media":10096,"comment_status":"closed","ping_status":"closed","template":"","meta":{"inline_featured_image":false},"product_brand":[],"product_cat":[15,25,36,35],"product_tag":[],"class_list":{"0":"post-10094","1":"product","2":"type-product","3":"status-publish","4":"has-post-thumbnail","6":"product_cat-uncategorized","7":"product_cat-car","8":"product_cat-seasonal-discounts","9":"product_cat-fun","11":"first","12":"instock","13":"sale","14":"taxable","15":"shipping-taxable","16":"purchasable","17":"product-type-simple"},"acf":[],"_links":{"self":[{"href":"https:\/\/non-stopshop.eu\/it\/wp-json\/wp\/v2\/product\/10094","targetHints":{"allow":["GET"]}}],"collection":[{"href":"https:\/\/non-stopshop.eu\/it\/wp-json\/wp\/v2\/product"}],"about":[{"href":"https:\/\/non-stopshop.eu\/it\/wp-json\/wp\/v2\/types\/product"}],"replies":[{"embeddable":true,"href":"https:\/\/non-stopshop.eu\/it\/wp-json\/wp\/v2\/comments?post=10094"}],"wp:featuredmedia":[{"embeddable":true,"href":"https:\/\/non-stopshop.eu\/it\/wp-json\/wp\/v2\/media\/10096"}],"wp:attachment":[{"href":"https:\/\/non-stopshop.eu\/it\/wp-json\/wp\/v2\/media?parent=10094"}],"wp:term":[{"taxonomy":"product_brand","embeddable":true,"href":"https:\/\/non-stopshop.eu\/it\/wp-json\/wp\/v2\/product_brand?post=10094"},{"taxonomy":"product_cat","embeddable":true,"href":"https:\/\/non-stopshop.eu\/it\/wp-json\/wp\/v2\/product_cat?post=10094"},{"taxonomy":"product_tag","embeddable":true,"href":"https:\/\/non-stopshop.eu\/it\/wp-json\/wp\/v2\/product_tag?post=10094"}],"curies":[{"name":"wp","href":"https:\/\/api.w.org\/{rel}","templated":true}]}}