{"id":10323,"date":"2022-08-29T12:38:07","date_gmt":"2022-08-29T10:38:07","guid":{"rendered":"https:\/\/non-stopshop.eu\/it\/?post_type=product&#038;p=10323"},"modified":"2022-08-29T12:42:09","modified_gmt":"2022-08-29T10:42:09","slug":"set-per-la-creazione-delle-figure-3d","status":"publish","type":"product","link":"https:\/\/non-stopshop.eu\/it\/prodotto\/set-per-la-creazione-delle-figure-3d\/","title":{"rendered":"Set per la creazione delle figure 3D"},"content":{"rendered":"","protected":false},"excerpt":{"rendered":"<p>Il set fai da te per la creazione delle figurine \u00e8 l&#8217;ideale per il divertimento e il relax. Questo gioco interessante \u00e8 rilassante ed efficace. \u00c8 molto facile da usare ed \u00e8 uno strumento ideale per esprimere la creativit\u00e0.<\/p>\n<p>&nbsp;<\/p>\n","protected":false},"featured_media":10327,"comment_status":"closed","ping_status":"closed","template":"","meta":{"inline_featured_image":false},"product_brand":[],"product_cat":[15],"product_tag":[],"class_list":{"0":"post-10323","1":"product","2":"type-product","3":"status-publish","4":"has-post-thumbnail","6":"product_cat-uncategorized","8":"first","9":"instock","10":"sale","11":"taxable","12":"shipping-taxable","13":"purchasable","14":"product-type-simple"},"acf":[],"_links":{"self":[{"href":"https:\/\/non-stopshop.eu\/it\/wp-json\/wp\/v2\/product\/10323","targetHints":{"allow":["GET"]}}],"collection":[{"href":"https:\/\/non-stopshop.eu\/it\/wp-json\/wp\/v2\/product"}],"about":[{"href":"https:\/\/non-stopshop.eu\/it\/wp-json\/wp\/v2\/types\/product"}],"replies":[{"embeddable":true,"href":"https:\/\/non-stopshop.eu\/it\/wp-json\/wp\/v2\/comments?post=10323"}],"wp:featuredmedia":[{"embeddable":true,"href":"https:\/\/non-stopshop.eu\/it\/wp-json\/wp\/v2\/media\/10327"}],"wp:attachment":[{"href":"https:\/\/non-stopshop.eu\/it\/wp-json\/wp\/v2\/media?parent=10323"}],"wp:term":[{"taxonomy":"product_brand","embeddable":true,"href":"https:\/\/non-stopshop.eu\/it\/wp-json\/wp\/v2\/product_brand?post=10323"},{"taxonomy":"product_cat","embeddable":true,"href":"https:\/\/non-stopshop.eu\/it\/wp-json\/wp\/v2\/product_cat?post=10323"},{"taxonomy":"product_tag","embeddable":true,"href":"https:\/\/non-stopshop.eu\/it\/wp-json\/wp\/v2\/product_tag?post=10323"}],"curies":[{"name":"wp","href":"https:\/\/api.w.org\/{rel}","templated":true}]}}