{"id":10436,"date":"2022-09-09T10:50:28","date_gmt":"2022-09-09T08:50:28","guid":{"rendered":"https:\/\/non-stopshop.eu\/it\/?post_type=product&#038;p=10436"},"modified":"2023-04-13T15:51:18","modified_gmt":"2023-04-13T13:51:18","slug":"set-per-la-creazione-delle-figure-3d-2","status":"publish","type":"product","link":"https:\/\/non-stopshop.eu\/it\/prodotto\/set-per-la-creazione-delle-figure-3d-2\/","title":{"rendered":"Set per la creazione delle figure 3D"},"content":{"rendered":"","protected":false},"excerpt":{"rendered":"<p>Il set fai da te per realizzare figurine \u00e8 l&#8217;ideale per il divertimento e il relax. Questo gioco interessante \u00e8 rilassante ed efficace. \u00c8 molto facile da usare ed \u00e8 uno strumento ideale per esprimere la creativit\u00e0.<\/p>\n","protected":false},"featured_media":10443,"comment_status":"closed","ping_status":"closed","template":"","meta":{"inline_featured_image":false},"product_brand":[],"product_cat":[15,27,36,35],"product_tag":[],"class_list":{"0":"post-10436","1":"product","2":"type-product","3":"status-publish","4":"has-post-thumbnail","6":"product_cat-uncategorized","7":"product_cat-home","8":"product_cat-seasonal-discounts","9":"product_cat-fun","11":"first","12":"instock","13":"sale","14":"taxable","15":"shipping-taxable","16":"purchasable","17":"product-type-simple"},"acf":[],"_links":{"self":[{"href":"https:\/\/non-stopshop.eu\/it\/wp-json\/wp\/v2\/product\/10436","targetHints":{"allow":["GET"]}}],"collection":[{"href":"https:\/\/non-stopshop.eu\/it\/wp-json\/wp\/v2\/product"}],"about":[{"href":"https:\/\/non-stopshop.eu\/it\/wp-json\/wp\/v2\/types\/product"}],"replies":[{"embeddable":true,"href":"https:\/\/non-stopshop.eu\/it\/wp-json\/wp\/v2\/comments?post=10436"}],"wp:featuredmedia":[{"embeddable":true,"href":"https:\/\/non-stopshop.eu\/it\/wp-json\/wp\/v2\/media\/10443"}],"wp:attachment":[{"href":"https:\/\/non-stopshop.eu\/it\/wp-json\/wp\/v2\/media?parent=10436"}],"wp:term":[{"taxonomy":"product_brand","embeddable":true,"href":"https:\/\/non-stopshop.eu\/it\/wp-json\/wp\/v2\/product_brand?post=10436"},{"taxonomy":"product_cat","embeddable":true,"href":"https:\/\/non-stopshop.eu\/it\/wp-json\/wp\/v2\/product_cat?post=10436"},{"taxonomy":"product_tag","embeddable":true,"href":"https:\/\/non-stopshop.eu\/it\/wp-json\/wp\/v2\/product_tag?post=10436"}],"curies":[{"name":"wp","href":"https:\/\/api.w.org\/{rel}","templated":true}]}}