{"id":1133,"date":"2021-01-12T09:30:57","date_gmt":"2021-01-12T08:30:57","guid":{"rendered":"https:\/\/shopium.eu\/it\/?post_type=product&#038;p=1133"},"modified":"2021-04-24T14:34:10","modified_gmt":"2021-04-24T12:34:10","slug":"liveperiodic","status":"publish","type":"product","link":"https:\/\/non-stopshop.eu\/it\/prodotto\/liveperiodic\/","title":{"rendered":"Sistema periodico con elementi reali &#8211; LivePeriodic"},"content":{"rendered":"","protected":false},"excerpt":{"rendered":"<ul>\n<li>Questo sistema di elementi unico \u00e8, prima di tutto, di carattere educativo, e poi \u00e8 anche un oggetto di ottimo design che dar\u00e0 allo spazio un aspetto pi\u00f9 completo.<\/li>\n<li>Sar\u00e0 un regalo ideale per ogni allievo o studente, nonch\u00e9 per le persone che trascorrono del tempo in ufficio.<\/li>\n<li>Completer\u00e0 lo spazio di ogni classe e render\u00e0 pi\u00f9 facile per gli studenti familiarizzarsi con la tavola periodica degli elementi.<\/li>\n<\/ul>\n","protected":false},"featured_media":1145,"comment_status":"closed","ping_status":"closed","template":"","meta":{"inline_featured_image":false},"product_brand":[],"product_cat":[15],"product_tag":[],"class_list":{"0":"post-1133","1":"product","2":"type-product","3":"status-publish","4":"has-post-thumbnail","6":"product_cat-uncategorized","8":"first","9":"instock","10":"sale","11":"taxable","12":"shipping-taxable","13":"purchasable","14":"product-type-simple"},"acf":[],"_links":{"self":[{"href":"https:\/\/non-stopshop.eu\/it\/wp-json\/wp\/v2\/product\/1133","targetHints":{"allow":["GET"]}}],"collection":[{"href":"https:\/\/non-stopshop.eu\/it\/wp-json\/wp\/v2\/product"}],"about":[{"href":"https:\/\/non-stopshop.eu\/it\/wp-json\/wp\/v2\/types\/product"}],"replies":[{"embeddable":true,"href":"https:\/\/non-stopshop.eu\/it\/wp-json\/wp\/v2\/comments?post=1133"}],"wp:featuredmedia":[{"embeddable":true,"href":"https:\/\/non-stopshop.eu\/it\/wp-json\/wp\/v2\/media\/1145"}],"wp:attachment":[{"href":"https:\/\/non-stopshop.eu\/it\/wp-json\/wp\/v2\/media?parent=1133"}],"wp:term":[{"taxonomy":"product_brand","embeddable":true,"href":"https:\/\/non-stopshop.eu\/it\/wp-json\/wp\/v2\/product_brand?post=1133"},{"taxonomy":"product_cat","embeddable":true,"href":"https:\/\/non-stopshop.eu\/it\/wp-json\/wp\/v2\/product_cat?post=1133"},{"taxonomy":"product_tag","embeddable":true,"href":"https:\/\/non-stopshop.eu\/it\/wp-json\/wp\/v2\/product_tag?post=1133"}],"curies":[{"name":"wp","href":"https:\/\/api.w.org\/{rel}","templated":true}]}}