{"id":1150,"date":"2021-01-12T09:33:46","date_gmt":"2021-01-12T08:33:46","guid":{"rendered":"https:\/\/shopium.eu\/it\/?post_type=product&#038;p=1150"},"modified":"2021-01-12T09:36:39","modified_gmt":"2021-01-12T08:36:39","slug":"makeupmirror","status":"publish","type":"product","link":"https:\/\/non-stopshop.eu\/it\/prodotto\/makeupmirror\/","title":{"rendered":"Specchio per il trucco con luce led &#8211; MakeupMirror"},"content":{"rendered":"","protected":false},"excerpt":{"rendered":"<ul>\n<li>Questo bellissimo specchio \u00e8 progettato in modo intelligente con illuminazione che posside tre intensit\u00e0 diverse, dall&#8217;illuminazione pi\u00f9 debole a quella pi\u00f9 forte, secondo i desideri.<\/li>\n<li>La luce LED sullo specchio si ricarica tramite un cavo USB, il che lo rende un prodotto ancora pi\u00f9 pratico perch\u00e9 non serve energia elettrica.<\/li>\n<li>Oltre ad essere molto funzionale, questo specchio \u00e8 anche un&#8217;ottima decorazione e d\u00e0 allo spazio una nota e una dimensione completamente diversa.<\/li>\n<\/ul>\n","protected":false},"featured_media":1153,"comment_status":"closed","ping_status":"closed","template":"","meta":{"inline_featured_image":false},"product_brand":[],"product_cat":[15],"product_tag":[],"class_list":{"0":"post-1150","1":"product","2":"type-product","3":"status-publish","4":"has-post-thumbnail","6":"product_cat-uncategorized","8":"first","9":"instock","10":"sale","11":"taxable","12":"shipping-taxable","13":"purchasable","14":"product-type-simple"},"acf":[],"_links":{"self":[{"href":"https:\/\/non-stopshop.eu\/it\/wp-json\/wp\/v2\/product\/1150","targetHints":{"allow":["GET"]}}],"collection":[{"href":"https:\/\/non-stopshop.eu\/it\/wp-json\/wp\/v2\/product"}],"about":[{"href":"https:\/\/non-stopshop.eu\/it\/wp-json\/wp\/v2\/types\/product"}],"replies":[{"embeddable":true,"href":"https:\/\/non-stopshop.eu\/it\/wp-json\/wp\/v2\/comments?post=1150"}],"wp:featuredmedia":[{"embeddable":true,"href":"https:\/\/non-stopshop.eu\/it\/wp-json\/wp\/v2\/media\/1153"}],"wp:attachment":[{"href":"https:\/\/non-stopshop.eu\/it\/wp-json\/wp\/v2\/media?parent=1150"}],"wp:term":[{"taxonomy":"product_brand","embeddable":true,"href":"https:\/\/non-stopshop.eu\/it\/wp-json\/wp\/v2\/product_brand?post=1150"},{"taxonomy":"product_cat","embeddable":true,"href":"https:\/\/non-stopshop.eu\/it\/wp-json\/wp\/v2\/product_cat?post=1150"},{"taxonomy":"product_tag","embeddable":true,"href":"https:\/\/non-stopshop.eu\/it\/wp-json\/wp\/v2\/product_tag?post=1150"}],"curies":[{"name":"wp","href":"https:\/\/api.w.org\/{rel}","templated":true}]}}