{"id":11703,"date":"2023-08-11T14:21:24","date_gmt":"2023-08-11T12:21:24","guid":{"rendered":"https:\/\/non-stopshop.eu\/it\/?post_type=product&#038;p=11703"},"modified":"2023-11-10T10:23:09","modified_gmt":"2023-11-10T09:23:09","slug":"waist-trainer","status":"publish","type":"product","link":"https:\/\/non-stopshop.eu\/it\/prodotto\/waist-trainer\/","title":{"rendered":"Waist trainer"},"content":{"rendered":"","protected":false},"excerpt":{"rendered":"<p>Una fascia elastica comoda e traspirante per la vite e la schiena, ti d\u00e0 un senso di sicurezza e facilit\u00e0 di movimento. Riduce il mal di schiena e brucia calorie pi\u00f9 velocemente e la cellulite scompare anche 2-3 volte pi\u00f9 velocemente con questo nastro.<\/p>\n","protected":false},"featured_media":11712,"comment_status":"closed","ping_status":"closed","template":"","meta":{"inline_featured_image":false},"product_brand":[],"product_cat":[15,28,26],"product_tag":[],"class_list":{"0":"post-11703","1":"product","2":"type-product","3":"status-publish","4":"has-post-thumbnail","6":"product_cat-uncategorized","7":"product_cat-beauty","8":"product_cat-health","10":"first","11":"instock","12":"sale","13":"taxable","14":"shipping-taxable","15":"purchasable","16":"product-type-simple"},"acf":[],"_links":{"self":[{"href":"https:\/\/non-stopshop.eu\/it\/wp-json\/wp\/v2\/product\/11703","targetHints":{"allow":["GET"]}}],"collection":[{"href":"https:\/\/non-stopshop.eu\/it\/wp-json\/wp\/v2\/product"}],"about":[{"href":"https:\/\/non-stopshop.eu\/it\/wp-json\/wp\/v2\/types\/product"}],"replies":[{"embeddable":true,"href":"https:\/\/non-stopshop.eu\/it\/wp-json\/wp\/v2\/comments?post=11703"}],"wp:featuredmedia":[{"embeddable":true,"href":"https:\/\/non-stopshop.eu\/it\/wp-json\/wp\/v2\/media\/11712"}],"wp:attachment":[{"href":"https:\/\/non-stopshop.eu\/it\/wp-json\/wp\/v2\/media?parent=11703"}],"wp:term":[{"taxonomy":"product_brand","embeddable":true,"href":"https:\/\/non-stopshop.eu\/it\/wp-json\/wp\/v2\/product_brand?post=11703"},{"taxonomy":"product_cat","embeddable":true,"href":"https:\/\/non-stopshop.eu\/it\/wp-json\/wp\/v2\/product_cat?post=11703"},{"taxonomy":"product_tag","embeddable":true,"href":"https:\/\/non-stopshop.eu\/it\/wp-json\/wp\/v2\/product_tag?post=11703"}],"curies":[{"name":"wp","href":"https:\/\/api.w.org\/{rel}","templated":true}]}}