{"id":1185,"date":"2021-01-13T09:17:36","date_gmt":"2021-01-13T08:17:36","guid":{"rendered":"https:\/\/shopium.eu\/it\/?post_type=product&#038;p=1185"},"modified":"2021-01-13T11:18:21","modified_gmt":"2021-01-13T10:18:21","slug":"unihandle","status":"publish","type":"product","link":"https:\/\/non-stopshop.eu\/it\/prodotto\/unihandle\/","title":{"rendered":"Maniglia universale &#8211; UniHandle"},"content":{"rendered":"","protected":false},"excerpt":{"rendered":"<ul>\n<li>Una maniglia molto pratica e funzionale che ha una variet\u00e0 di scopi \u00e8 uno strumento di facilitazione ed \u00e8 necessaria in ogni casa, ufficio, dispensa o garage.<\/li>\n<li>\u00c8 caratterizzata da un&#8217;ampia gamma di applicazioni, adatta a tutti i cassetti, per appendere ganci o uncini, ecc., ed \u00e8 adattabile a qualsiasi superficie, vetro, ceramica, legno e altre superfici non convesse.<\/li>\n<li>\u00c8 molto facile da attaccare con un meccanismo autoadesivo e pu\u00f2 anche essere rimossa molto facilmente solo con l&#8217;aiuto del riscaldamento con asciugacapelli.<\/li>\n<\/ul>\n","protected":false},"featured_media":1189,"comment_status":"closed","ping_status":"closed","template":"","meta":{"inline_featured_image":false},"product_brand":[],"product_cat":[15],"product_tag":[],"class_list":{"0":"post-1185","1":"product","2":"type-product","3":"status-publish","4":"has-post-thumbnail","6":"product_cat-uncategorized","8":"first","9":"instock","10":"sale","11":"taxable","12":"shipping-taxable","13":"purchasable","14":"product-type-simple"},"acf":[],"_links":{"self":[{"href":"https:\/\/non-stopshop.eu\/it\/wp-json\/wp\/v2\/product\/1185","targetHints":{"allow":["GET"]}}],"collection":[{"href":"https:\/\/non-stopshop.eu\/it\/wp-json\/wp\/v2\/product"}],"about":[{"href":"https:\/\/non-stopshop.eu\/it\/wp-json\/wp\/v2\/types\/product"}],"replies":[{"embeddable":true,"href":"https:\/\/non-stopshop.eu\/it\/wp-json\/wp\/v2\/comments?post=1185"}],"wp:featuredmedia":[{"embeddable":true,"href":"https:\/\/non-stopshop.eu\/it\/wp-json\/wp\/v2\/media\/1189"}],"wp:attachment":[{"href":"https:\/\/non-stopshop.eu\/it\/wp-json\/wp\/v2\/media?parent=1185"}],"wp:term":[{"taxonomy":"product_brand","embeddable":true,"href":"https:\/\/non-stopshop.eu\/it\/wp-json\/wp\/v2\/product_brand?post=1185"},{"taxonomy":"product_cat","embeddable":true,"href":"https:\/\/non-stopshop.eu\/it\/wp-json\/wp\/v2\/product_cat?post=1185"},{"taxonomy":"product_tag","embeddable":true,"href":"https:\/\/non-stopshop.eu\/it\/wp-json\/wp\/v2\/product_tag?post=1185"}],"curies":[{"name":"wp","href":"https:\/\/api.w.org\/{rel}","templated":true}]}}