{"id":1194,"date":"2021-01-13T09:22:11","date_gmt":"2021-01-13T08:22:11","guid":{"rendered":"https:\/\/shopium.eu\/it\/?post_type=product&#038;p=1194"},"modified":"2021-01-13T11:17:49","modified_gmt":"2021-01-13T10:17:49","slug":"blackboard","status":"publish","type":"product","link":"https:\/\/non-stopshop.eu\/it\/prodotto\/blackboard\/","title":{"rendered":"Lavagna sticker  &#8211; BlackBoard"},"content":{"rendered":"","protected":false},"excerpt":{"rendered":"<ul>\n<li>Tappezzeria rivoluzionaria che render\u00e0 pi\u00f9 facile la tua vita di tutti i giorni perch\u00e9 la puoi incollerare al muro e diventer\u00e0 una lavagna!<\/li>\n<li>Disegna, scrivi, impara, crea insieme ai tuoi piccoli che avranno la possibilit\u00e0 di esprimere la loro creativit\u00e0 nella propria casa, e di imparare qualcosa con l&#8217;aiuto di questa tappezzeria &#8211; lavagna fantastica.<\/li>\n<li>\u00c8 molto facile da installare, si appiccica al muro, \u00e8 facile da mantenere e pulire con un panno, e anche il processo di rimozione \u00e8 molto semplice, senza alcun danno alla superficie.<\/li>\n<\/ul>\n","protected":false},"featured_media":1195,"comment_status":"closed","ping_status":"closed","template":"","meta":{"inline_featured_image":false},"product_brand":[],"product_cat":[15],"product_tag":[],"class_list":{"0":"post-1194","1":"product","2":"type-product","3":"status-publish","4":"has-post-thumbnail","6":"product_cat-uncategorized","8":"first","9":"instock","10":"sale","11":"taxable","12":"shipping-taxable","13":"purchasable","14":"product-type-simple"},"acf":[],"_links":{"self":[{"href":"https:\/\/non-stopshop.eu\/it\/wp-json\/wp\/v2\/product\/1194","targetHints":{"allow":["GET"]}}],"collection":[{"href":"https:\/\/non-stopshop.eu\/it\/wp-json\/wp\/v2\/product"}],"about":[{"href":"https:\/\/non-stopshop.eu\/it\/wp-json\/wp\/v2\/types\/product"}],"replies":[{"embeddable":true,"href":"https:\/\/non-stopshop.eu\/it\/wp-json\/wp\/v2\/comments?post=1194"}],"wp:featuredmedia":[{"embeddable":true,"href":"https:\/\/non-stopshop.eu\/it\/wp-json\/wp\/v2\/media\/1195"}],"wp:attachment":[{"href":"https:\/\/non-stopshop.eu\/it\/wp-json\/wp\/v2\/media?parent=1194"}],"wp:term":[{"taxonomy":"product_brand","embeddable":true,"href":"https:\/\/non-stopshop.eu\/it\/wp-json\/wp\/v2\/product_brand?post=1194"},{"taxonomy":"product_cat","embeddable":true,"href":"https:\/\/non-stopshop.eu\/it\/wp-json\/wp\/v2\/product_cat?post=1194"},{"taxonomy":"product_tag","embeddable":true,"href":"https:\/\/non-stopshop.eu\/it\/wp-json\/wp\/v2\/product_tag?post=1194"}],"curies":[{"name":"wp","href":"https:\/\/api.w.org\/{rel}","templated":true}]}}