{"id":1223,"date":"2021-01-13T09:39:21","date_gmt":"2021-01-13T08:39:21","guid":{"rendered":"https:\/\/shopium.eu\/it\/?post_type=product&#038;p=1223"},"modified":"2021-01-13T11:20:05","modified_gmt":"2021-01-13T10:20:05","slug":"handdrill","status":"publish","type":"product","link":"https:\/\/non-stopshop.eu\/it\/prodotto\/handdrill\/","title":{"rendered":"Trapano manuale semiautomatico &#8211; HandDrill"},"content":{"rendered":"","protected":false},"excerpt":{"rendered":"<ul>\n<li>Il trapano manuale preciso, di alta qualit\u00e0 e durevole \u00e8 realizzato in acciaio al carbonio, che d\u00e0 una garanzia assoluta di longevit\u00e0.<\/li>\n<li>Il trapano ha una vasta gamma di applicazioni ed \u00e8 adatto a molte attivit\u00e0 diverese come gioielli fatti a mano, progetti fai-da-te, ricerche scientifiche, nonch\u00e9 perforazione di plastica,<\/li>\n<li>legno, cera, noci, gomma, per\u00f2 utilizzarlo sulle cose extra dure non si raccommanda.<\/li>\n<li>Il trapano manuale semiautomatico \u00e8 molto facile da usare, ti far\u00e0 risparmiare fatica e ridurr\u00e0 l&#8217;affaticamento della mano.<\/li>\n<\/ul>\n","protected":false},"featured_media":1227,"comment_status":"closed","ping_status":"closed","template":"","meta":{"inline_featured_image":false},"product_brand":[],"product_cat":[15],"product_tag":[],"class_list":{"0":"post-1223","1":"product","2":"type-product","3":"status-publish","4":"has-post-thumbnail","6":"product_cat-uncategorized","8":"first","9":"instock","10":"sale","11":"taxable","12":"shipping-taxable","13":"purchasable","14":"product-type-simple"},"acf":[],"_links":{"self":[{"href":"https:\/\/non-stopshop.eu\/it\/wp-json\/wp\/v2\/product\/1223","targetHints":{"allow":["GET"]}}],"collection":[{"href":"https:\/\/non-stopshop.eu\/it\/wp-json\/wp\/v2\/product"}],"about":[{"href":"https:\/\/non-stopshop.eu\/it\/wp-json\/wp\/v2\/types\/product"}],"replies":[{"embeddable":true,"href":"https:\/\/non-stopshop.eu\/it\/wp-json\/wp\/v2\/comments?post=1223"}],"wp:featuredmedia":[{"embeddable":true,"href":"https:\/\/non-stopshop.eu\/it\/wp-json\/wp\/v2\/media\/1227"}],"wp:attachment":[{"href":"https:\/\/non-stopshop.eu\/it\/wp-json\/wp\/v2\/media?parent=1223"}],"wp:term":[{"taxonomy":"product_brand","embeddable":true,"href":"https:\/\/non-stopshop.eu\/it\/wp-json\/wp\/v2\/product_brand?post=1223"},{"taxonomy":"product_cat","embeddable":true,"href":"https:\/\/non-stopshop.eu\/it\/wp-json\/wp\/v2\/product_cat?post=1223"},{"taxonomy":"product_tag","embeddable":true,"href":"https:\/\/non-stopshop.eu\/it\/wp-json\/wp\/v2\/product_tag?post=1223"}],"curies":[{"name":"wp","href":"https:\/\/api.w.org\/{rel}","templated":true}]}}