{"id":1324,"date":"2021-01-15T14:58:45","date_gmt":"2021-01-15T13:58:45","guid":{"rendered":"https:\/\/shopium.eu\/it\/?post_type=product&#038;p=1324"},"modified":"2021-01-15T15:01:34","modified_gmt":"2021-01-15T14:01:34","slug":"driftingcar","status":"publish","type":"product","link":"https:\/\/non-stopshop.eu\/it\/prodotto\/driftingcar\/","title":{"rendered":"Drift car con telecomando &#8211; DriftingCar"},"content":{"rendered":"","protected":false},"excerpt":{"rendered":"<ul>\n<li>Supercar che ha un design impressionante realizzato con materiali bicarbonato appositamente rinforzati per essere il pi\u00f9 forte possibile per fare driffting.<\/li>\n<li>Il telecomando funziona su una frequenza radio da 2,4 Ghz che assicura che il tuo piccolo bambino abbia il controllo completo dell&#8217;auto.<\/li>\n<li>Lascia che i pi\u00f9 piccoli ti ricordino come qualcuno che fa i regali pi\u00f9 originali, e questa macchina sicuramente lo \u00e8 e si distingue nel mare di altre auto a telecomando remoto.<\/li>\n<\/ul>\n","protected":false},"featured_media":1329,"comment_status":"closed","ping_status":"closed","template":"","meta":{"inline_featured_image":false},"product_brand":[],"product_cat":[15],"product_tag":[],"class_list":{"0":"post-1324","1":"product","2":"type-product","3":"status-publish","4":"has-post-thumbnail","6":"product_cat-uncategorized","8":"first","9":"instock","10":"sale","11":"taxable","12":"shipping-taxable","13":"purchasable","14":"product-type-simple"},"acf":[],"_links":{"self":[{"href":"https:\/\/non-stopshop.eu\/it\/wp-json\/wp\/v2\/product\/1324","targetHints":{"allow":["GET"]}}],"collection":[{"href":"https:\/\/non-stopshop.eu\/it\/wp-json\/wp\/v2\/product"}],"about":[{"href":"https:\/\/non-stopshop.eu\/it\/wp-json\/wp\/v2\/types\/product"}],"replies":[{"embeddable":true,"href":"https:\/\/non-stopshop.eu\/it\/wp-json\/wp\/v2\/comments?post=1324"}],"wp:featuredmedia":[{"embeddable":true,"href":"https:\/\/non-stopshop.eu\/it\/wp-json\/wp\/v2\/media\/1329"}],"wp:attachment":[{"href":"https:\/\/non-stopshop.eu\/it\/wp-json\/wp\/v2\/media?parent=1324"}],"wp:term":[{"taxonomy":"product_brand","embeddable":true,"href":"https:\/\/non-stopshop.eu\/it\/wp-json\/wp\/v2\/product_brand?post=1324"},{"taxonomy":"product_cat","embeddable":true,"href":"https:\/\/non-stopshop.eu\/it\/wp-json\/wp\/v2\/product_cat?post=1324"},{"taxonomy":"product_tag","embeddable":true,"href":"https:\/\/non-stopshop.eu\/it\/wp-json\/wp\/v2\/product_tag?post=1324"}],"curies":[{"name":"wp","href":"https:\/\/api.w.org\/{rel}","templated":true}]}}