{"id":1374,"date":"2021-01-15T15:12:14","date_gmt":"2021-01-15T14:12:14","guid":{"rendered":"https:\/\/shopium.eu\/it\/?post_type=product&#038;p=1374"},"modified":"2021-01-15T15:14:50","modified_gmt":"2021-01-15T14:14:50","slug":"chainsharpener","status":"publish","type":"product","link":"https:\/\/non-stopshop.eu\/it\/prodotto\/chainsharpener\/","title":{"rendered":"Affilacatene per motosega &#8211; ChainSharpener"},"content":{"rendered":"","protected":false},"excerpt":{"rendered":"<ul>\n<li>Allunga la vita utile delle motoseghe e rendile il pi\u00f9 efficienti possibile per un funzionamento pi\u00f9 semplice.<\/li>\n<li>Questo sistema di affilatura rivoluzionario \u00e8 molto veloce e preciso, quindi lubrificer\u00e0 e affiler\u00e0 la catena in pochi secondi.<\/li>\n<li>La lama \u00e8 realizzata in materiale durevole e di alta qualit\u00e0 e la catena di affilatura \u00e8 incorporata nell&#8217;affilatoio per lubrificare la catena e la barra di guida, riducendo l&#8217;attrito.<\/li>\n<li>\u00c8 molto facile da usare e facilmente trasportabile grazie al suo design pratico e compatto ed \u00e8 adatto per uso esterno.<\/li>\n<\/ul>\n","protected":false},"featured_media":1378,"comment_status":"closed","ping_status":"closed","template":"","meta":{"inline_featured_image":false},"product_brand":[],"product_cat":[15],"product_tag":[],"class_list":{"0":"post-1374","1":"product","2":"type-product","3":"status-publish","4":"has-post-thumbnail","6":"product_cat-uncategorized","8":"first","9":"instock","10":"sale","11":"taxable","12":"shipping-taxable","13":"purchasable","14":"product-type-simple"},"acf":[],"_links":{"self":[{"href":"https:\/\/non-stopshop.eu\/it\/wp-json\/wp\/v2\/product\/1374","targetHints":{"allow":["GET"]}}],"collection":[{"href":"https:\/\/non-stopshop.eu\/it\/wp-json\/wp\/v2\/product"}],"about":[{"href":"https:\/\/non-stopshop.eu\/it\/wp-json\/wp\/v2\/types\/product"}],"replies":[{"embeddable":true,"href":"https:\/\/non-stopshop.eu\/it\/wp-json\/wp\/v2\/comments?post=1374"}],"wp:featuredmedia":[{"embeddable":true,"href":"https:\/\/non-stopshop.eu\/it\/wp-json\/wp\/v2\/media\/1378"}],"wp:attachment":[{"href":"https:\/\/non-stopshop.eu\/it\/wp-json\/wp\/v2\/media?parent=1374"}],"wp:term":[{"taxonomy":"product_brand","embeddable":true,"href":"https:\/\/non-stopshop.eu\/it\/wp-json\/wp\/v2\/product_brand?post=1374"},{"taxonomy":"product_cat","embeddable":true,"href":"https:\/\/non-stopshop.eu\/it\/wp-json\/wp\/v2\/product_cat?post=1374"},{"taxonomy":"product_tag","embeddable":true,"href":"https:\/\/non-stopshop.eu\/it\/wp-json\/wp\/v2\/product_tag?post=1374"}],"curies":[{"name":"wp","href":"https:\/\/api.w.org\/{rel}","templated":true}]}}