{"id":1384,"date":"2021-01-15T15:15:03","date_gmt":"2021-01-15T14:15:03","guid":{"rendered":"https:\/\/shopium.eu\/it\/?post_type=product&#038;p=1384"},"modified":"2021-01-15T15:17:20","modified_gmt":"2021-01-15T14:17:20","slug":"multifunctionstorage","status":"publish","type":"product","link":"https:\/\/non-stopshop.eu\/it\/prodotto\/multifunctionstorage\/","title":{"rendered":"Rack da cucina multifunzionale &#8211; MultifunctionStorage"},"content":{"rendered":"","protected":false},"excerpt":{"rendered":"<ul>\n<li>Se sei un amante della buona organizzazione e funzionalit\u00e0 dello spazio, questa mensola pratica \u00e8 qualcosa che ti piacer\u00e0.<\/li>\n<li>\u00c8 adatto per contenere carta da cucina, pi\u00f9 carte stagnole, nonch\u00e9 varie spezie o tutti gli altri utensili da cucina.<\/li>\n<li>Scaffale estremamente stabile, durevole e autoadesivo, ha la funzione di tagliare la carta stagnola i cui taglierini sono ergonomici e facili da rimuovere.<\/li>\n<\/ul>\n","protected":false},"featured_media":1392,"comment_status":"closed","ping_status":"closed","template":"","meta":{"inline_featured_image":false},"product_brand":[],"product_cat":[15],"product_tag":[],"class_list":{"0":"post-1384","1":"product","2":"type-product","3":"status-publish","4":"has-post-thumbnail","6":"product_cat-uncategorized","8":"first","9":"instock","10":"sale","11":"taxable","12":"shipping-taxable","13":"purchasable","14":"product-type-simple"},"acf":[],"_links":{"self":[{"href":"https:\/\/non-stopshop.eu\/it\/wp-json\/wp\/v2\/product\/1384","targetHints":{"allow":["GET"]}}],"collection":[{"href":"https:\/\/non-stopshop.eu\/it\/wp-json\/wp\/v2\/product"}],"about":[{"href":"https:\/\/non-stopshop.eu\/it\/wp-json\/wp\/v2\/types\/product"}],"replies":[{"embeddable":true,"href":"https:\/\/non-stopshop.eu\/it\/wp-json\/wp\/v2\/comments?post=1384"}],"wp:featuredmedia":[{"embeddable":true,"href":"https:\/\/non-stopshop.eu\/it\/wp-json\/wp\/v2\/media\/1392"}],"wp:attachment":[{"href":"https:\/\/non-stopshop.eu\/it\/wp-json\/wp\/v2\/media?parent=1384"}],"wp:term":[{"taxonomy":"product_brand","embeddable":true,"href":"https:\/\/non-stopshop.eu\/it\/wp-json\/wp\/v2\/product_brand?post=1384"},{"taxonomy":"product_cat","embeddable":true,"href":"https:\/\/non-stopshop.eu\/it\/wp-json\/wp\/v2\/product_cat?post=1384"},{"taxonomy":"product_tag","embeddable":true,"href":"https:\/\/non-stopshop.eu\/it\/wp-json\/wp\/v2\/product_tag?post=1384"}],"curies":[{"name":"wp","href":"https:\/\/api.w.org\/{rel}","templated":true}]}}