{"id":1418,"date":"2021-01-15T15:23:26","date_gmt":"2021-01-15T14:23:26","guid":{"rendered":"https:\/\/shopium.eu\/it\/?post_type=product&#038;p=1418"},"modified":"2021-01-15T15:25:28","modified_gmt":"2021-01-15T14:25:28","slug":"neckcap","status":"publish","type":"product","link":"https:\/\/non-stopshop.eu\/it\/prodotto\/neckcap\/","title":{"rendered":"Cappello e sciarpa 2 in 1 &#8211; NeckCap"},"content":{"rendered":"","protected":false},"excerpt":{"rendered":"<ul>\n<li>Assicurati sempre un calore ottimo e il massimo comfort con questa sciarpa e cappello 2 in 1 super set che \u00e8 completamente universale e si adatta a qualsiasi stile di abbigliamento.<\/li>\n<li>Il cappello con sciarpa \u00e8 perfetto per ciclisti e motociclisti quando servir\u00e0 da parabrezza e li riscalder\u00e0, cos\u00ec come per qualsiasi attivit\u00e0 all&#8217;aperto in inverno.<\/li>\n<li>All&#8217;interno, il cappello e la sciarpa sono foderati di morbida pelliccia per la protezione pi\u00f9 comoda e la pi\u00f9 delicata possibile per i prossimi giorni invernali.<\/li>\n<\/ul>\n","protected":false},"featured_media":1419,"comment_status":"closed","ping_status":"closed","template":"","meta":{"inline_featured_image":false},"product_brand":[],"product_cat":[15],"product_tag":[],"class_list":{"0":"post-1418","1":"product","2":"type-product","3":"status-publish","4":"has-post-thumbnail","6":"product_cat-uncategorized","8":"first","9":"instock","10":"sale","11":"taxable","12":"shipping-taxable","13":"purchasable","14":"product-type-simple"},"acf":[],"_links":{"self":[{"href":"https:\/\/non-stopshop.eu\/it\/wp-json\/wp\/v2\/product\/1418","targetHints":{"allow":["GET"]}}],"collection":[{"href":"https:\/\/non-stopshop.eu\/it\/wp-json\/wp\/v2\/product"}],"about":[{"href":"https:\/\/non-stopshop.eu\/it\/wp-json\/wp\/v2\/types\/product"}],"replies":[{"embeddable":true,"href":"https:\/\/non-stopshop.eu\/it\/wp-json\/wp\/v2\/comments?post=1418"}],"wp:featuredmedia":[{"embeddable":true,"href":"https:\/\/non-stopshop.eu\/it\/wp-json\/wp\/v2\/media\/1419"}],"wp:attachment":[{"href":"https:\/\/non-stopshop.eu\/it\/wp-json\/wp\/v2\/media?parent=1418"}],"wp:term":[{"taxonomy":"product_brand","embeddable":true,"href":"https:\/\/non-stopshop.eu\/it\/wp-json\/wp\/v2\/product_brand?post=1418"},{"taxonomy":"product_cat","embeddable":true,"href":"https:\/\/non-stopshop.eu\/it\/wp-json\/wp\/v2\/product_cat?post=1418"},{"taxonomy":"product_tag","embeddable":true,"href":"https:\/\/non-stopshop.eu\/it\/wp-json\/wp\/v2\/product_tag?post=1418"}],"curies":[{"name":"wp","href":"https:\/\/api.w.org\/{rel}","templated":true}]}}