{"id":1460,"date":"2021-01-15T15:38:56","date_gmt":"2021-01-15T14:38:56","guid":{"rendered":"https:\/\/shopium.eu\/it\/?post_type=product&#038;p=1460"},"modified":"2021-02-16T12:00:58","modified_gmt":"2021-02-16T11:00:58","slug":"chickentoy","status":"publish","type":"product","link":"https:\/\/non-stopshop.eu\/it\/prodotto\/chickentoy\/","title":{"rendered":"Pollo peluche &#8211; ChickenToy"},"content":{"rendered":"","protected":false},"excerpt":{"rendered":"<ul>\n<li>Incredibilmente delicato e perfetto per un regalo di peluche piccolo pollo che piacer\u00e0 ai pi\u00f9 piccoli.<\/li>\n<li>Il giocattolo pu\u00f2 caricarsi a mano e saltare in giro con i suoi passi simpatici e intrattenere cos\u00ec tutti i presenti.<\/li>\n<li>Pu\u00f2 anche aiutare a migliorare le abilit\u00e0 positive nei bambini come riconoscere e distinguere i colori, quindi questo giocattolo \u00e8 ottimo per i pi\u00f9 piccoli.<\/li>\n<li>Non contiene batterie, solo un meccanismo intelligente, quindi \u00e8 completamente sicuro per i pi\u00f9 piccoli.<\/li>\n<\/ul>\n","protected":false},"featured_media":1462,"comment_status":"closed","ping_status":"closed","template":"","meta":{"inline_featured_image":false},"product_brand":[],"product_cat":[15],"product_tag":[],"class_list":{"0":"post-1460","1":"product","2":"type-product","3":"status-publish","4":"has-post-thumbnail","6":"product_cat-uncategorized","8":"first","9":"instock","10":"sale","11":"taxable","12":"shipping-taxable","13":"purchasable","14":"product-type-simple"},"acf":[],"_links":{"self":[{"href":"https:\/\/non-stopshop.eu\/it\/wp-json\/wp\/v2\/product\/1460","targetHints":{"allow":["GET"]}}],"collection":[{"href":"https:\/\/non-stopshop.eu\/it\/wp-json\/wp\/v2\/product"}],"about":[{"href":"https:\/\/non-stopshop.eu\/it\/wp-json\/wp\/v2\/types\/product"}],"replies":[{"embeddable":true,"href":"https:\/\/non-stopshop.eu\/it\/wp-json\/wp\/v2\/comments?post=1460"}],"wp:featuredmedia":[{"embeddable":true,"href":"https:\/\/non-stopshop.eu\/it\/wp-json\/wp\/v2\/media\/1462"}],"wp:attachment":[{"href":"https:\/\/non-stopshop.eu\/it\/wp-json\/wp\/v2\/media?parent=1460"}],"wp:term":[{"taxonomy":"product_brand","embeddable":true,"href":"https:\/\/non-stopshop.eu\/it\/wp-json\/wp\/v2\/product_brand?post=1460"},{"taxonomy":"product_cat","embeddable":true,"href":"https:\/\/non-stopshop.eu\/it\/wp-json\/wp\/v2\/product_cat?post=1460"},{"taxonomy":"product_tag","embeddable":true,"href":"https:\/\/non-stopshop.eu\/it\/wp-json\/wp\/v2\/product_tag?post=1460"}],"curies":[{"name":"wp","href":"https:\/\/api.w.org\/{rel}","templated":true}]}}