{"id":1493,"date":"2021-01-15T15:55:11","date_gmt":"2021-01-15T14:55:11","guid":{"rendered":"https:\/\/shopium.eu\/it\/?post_type=product&#038;p=1493"},"modified":"2021-02-16T11:44:42","modified_gmt":"2021-02-16T10:44:42","slug":"playsly","status":"publish","type":"product","link":"https:\/\/non-stopshop.eu\/it\/prodotto\/playsly\/","title":{"rendered":"Mini basket da tavolo &#8211; Playsly"},"content":{"rendered":"","protected":false},"excerpt":{"rendered":"<ul>\n<li>Questo mini basket da tavolo \u00e8 un ottimo set per una forma di intrattenimento interattiva che sar\u00e0 apprezzata dai bambini, ma anche dalle generazioni leggermente pi\u00f9 anziane per le quali questo sar\u00e0 un grande passatempo.<\/li>\n<\/ul>\n","protected":false},"featured_media":1494,"comment_status":"closed","ping_status":"closed","template":"","meta":{"inline_featured_image":false},"product_brand":[],"product_cat":[15],"product_tag":[],"class_list":{"0":"post-1493","1":"product","2":"type-product","3":"status-publish","4":"has-post-thumbnail","6":"product_cat-uncategorized","8":"first","9":"instock","10":"sale","11":"taxable","12":"shipping-taxable","13":"purchasable","14":"product-type-simple"},"acf":[],"_links":{"self":[{"href":"https:\/\/non-stopshop.eu\/it\/wp-json\/wp\/v2\/product\/1493","targetHints":{"allow":["GET"]}}],"collection":[{"href":"https:\/\/non-stopshop.eu\/it\/wp-json\/wp\/v2\/product"}],"about":[{"href":"https:\/\/non-stopshop.eu\/it\/wp-json\/wp\/v2\/types\/product"}],"replies":[{"embeddable":true,"href":"https:\/\/non-stopshop.eu\/it\/wp-json\/wp\/v2\/comments?post=1493"}],"wp:featuredmedia":[{"embeddable":true,"href":"https:\/\/non-stopshop.eu\/it\/wp-json\/wp\/v2\/media\/1494"}],"wp:attachment":[{"href":"https:\/\/non-stopshop.eu\/it\/wp-json\/wp\/v2\/media?parent=1493"}],"wp:term":[{"taxonomy":"product_brand","embeddable":true,"href":"https:\/\/non-stopshop.eu\/it\/wp-json\/wp\/v2\/product_brand?post=1493"},{"taxonomy":"product_cat","embeddable":true,"href":"https:\/\/non-stopshop.eu\/it\/wp-json\/wp\/v2\/product_cat?post=1493"},{"taxonomy":"product_tag","embeddable":true,"href":"https:\/\/non-stopshop.eu\/it\/wp-json\/wp\/v2\/product_tag?post=1493"}],"curies":[{"name":"wp","href":"https:\/\/api.w.org\/{rel}","templated":true}]}}