{"id":1537,"date":"2021-01-15T16:19:29","date_gmt":"2021-01-15T15:19:29","guid":{"rendered":"https:\/\/shopium.eu\/it\/?post_type=product&#038;p=1537"},"modified":"2021-01-15T16:21:41","modified_gmt":"2021-01-15T15:21:41","slug":"projectortoy","status":"publish","type":"product","link":"https:\/\/non-stopshop.eu\/it\/prodotto\/projectortoy\/","title":{"rendered":"Proiettore da tavolo di pittura per bambini &#8211; ProjectorToy"},"content":{"rendered":"","protected":false},"excerpt":{"rendered":"<ul>\n<li>Un fantastico proiettore di pittura che migliorer\u00e0 le capacit\u00e0 creative dei tuoi bambini e manterr\u00e0 la loro attenzione per molto tempo.<\/li>\n<li>I bambini possono dipingere in base al disegno che il proiettore proietta sul tavolo o sul quaderno e creare cos\u00ec dei veri e propri piccoli capolavori.<\/li>\n<li>Il disegno aiuta i bambini a sviluppare la coordinazione dei movimenti, cos\u00ec come la percezione dei colori, e questo proiettore ha fino a 24 diversi modelli i quali i bambini possono disegnare e colorare.<\/li>\n<\/ul>\n","protected":false},"featured_media":1538,"comment_status":"closed","ping_status":"closed","template":"","meta":{"inline_featured_image":false},"product_brand":[],"product_cat":[15],"product_tag":[],"class_list":{"0":"post-1537","1":"product","2":"type-product","3":"status-publish","4":"has-post-thumbnail","6":"product_cat-uncategorized","8":"first","9":"instock","10":"sale","11":"taxable","12":"shipping-taxable","13":"purchasable","14":"product-type-simple"},"acf":[],"_links":{"self":[{"href":"https:\/\/non-stopshop.eu\/it\/wp-json\/wp\/v2\/product\/1537","targetHints":{"allow":["GET"]}}],"collection":[{"href":"https:\/\/non-stopshop.eu\/it\/wp-json\/wp\/v2\/product"}],"about":[{"href":"https:\/\/non-stopshop.eu\/it\/wp-json\/wp\/v2\/types\/product"}],"replies":[{"embeddable":true,"href":"https:\/\/non-stopshop.eu\/it\/wp-json\/wp\/v2\/comments?post=1537"}],"wp:featuredmedia":[{"embeddable":true,"href":"https:\/\/non-stopshop.eu\/it\/wp-json\/wp\/v2\/media\/1538"}],"wp:attachment":[{"href":"https:\/\/non-stopshop.eu\/it\/wp-json\/wp\/v2\/media?parent=1537"}],"wp:term":[{"taxonomy":"product_brand","embeddable":true,"href":"https:\/\/non-stopshop.eu\/it\/wp-json\/wp\/v2\/product_brand?post=1537"},{"taxonomy":"product_cat","embeddable":true,"href":"https:\/\/non-stopshop.eu\/it\/wp-json\/wp\/v2\/product_cat?post=1537"},{"taxonomy":"product_tag","embeddable":true,"href":"https:\/\/non-stopshop.eu\/it\/wp-json\/wp\/v2\/product_tag?post=1537"}],"curies":[{"name":"wp","href":"https:\/\/api.w.org\/{rel}","templated":true}]}}