{"id":1582,"date":"2021-01-15T16:33:51","date_gmt":"2021-01-15T15:33:51","guid":{"rendered":"https:\/\/shopium.eu\/it\/?post_type=product&#038;p=1582"},"modified":"2021-01-15T16:35:24","modified_gmt":"2021-01-15T15:35:24","slug":"spiderprank","status":"publish","type":"product","link":"https:\/\/non-stopshop.eu\/it\/prodotto\/spiderprank\/","title":{"rendered":"Scatola a sorpresa con ragno &#8211; SpiderPrank"},"content":{"rendered":"","protected":false},"excerpt":{"rendered":"<ul>\n<li>Uno scherzo ottimo se vuoi intimidire i tuoi amici e allo stesso tempo divertirvi e ridere.<\/li>\n<li>Regali questa scatola a un amico, che ovviamente vorr\u00e0 vedere cosa c&#8217;\u00e8 dentro, e quando lo far\u00e0, un grande, inquietante ragno di gomma salter\u00e0 fuori!<\/li>\n<li>Questa scatola \u00e8 realizzata a mano in legno di qualit\u00e0, \u00e8 resistente e rigida, progettata per durare a lungo.<\/li>\n<li>Che il divertimento e le risate abbiano inizio!<\/li>\n<\/ul>\n","protected":false},"featured_media":1586,"comment_status":"closed","ping_status":"closed","template":"","meta":{"inline_featured_image":false},"product_brand":[],"product_cat":[15],"product_tag":[],"class_list":{"0":"post-1582","1":"product","2":"type-product","3":"status-publish","4":"has-post-thumbnail","6":"product_cat-uncategorized","8":"first","9":"instock","10":"sale","11":"taxable","12":"shipping-taxable","13":"purchasable","14":"product-type-simple"},"acf":[],"_links":{"self":[{"href":"https:\/\/non-stopshop.eu\/it\/wp-json\/wp\/v2\/product\/1582","targetHints":{"allow":["GET"]}}],"collection":[{"href":"https:\/\/non-stopshop.eu\/it\/wp-json\/wp\/v2\/product"}],"about":[{"href":"https:\/\/non-stopshop.eu\/it\/wp-json\/wp\/v2\/types\/product"}],"replies":[{"embeddable":true,"href":"https:\/\/non-stopshop.eu\/it\/wp-json\/wp\/v2\/comments?post=1582"}],"wp:featuredmedia":[{"embeddable":true,"href":"https:\/\/non-stopshop.eu\/it\/wp-json\/wp\/v2\/media\/1586"}],"wp:attachment":[{"href":"https:\/\/non-stopshop.eu\/it\/wp-json\/wp\/v2\/media?parent=1582"}],"wp:term":[{"taxonomy":"product_brand","embeddable":true,"href":"https:\/\/non-stopshop.eu\/it\/wp-json\/wp\/v2\/product_brand?post=1582"},{"taxonomy":"product_cat","embeddable":true,"href":"https:\/\/non-stopshop.eu\/it\/wp-json\/wp\/v2\/product_cat?post=1582"},{"taxonomy":"product_tag","embeddable":true,"href":"https:\/\/non-stopshop.eu\/it\/wp-json\/wp\/v2\/product_tag?post=1582"}],"curies":[{"name":"wp","href":"https:\/\/api.w.org\/{rel}","templated":true}]}}