{"id":1596,"date":"2021-01-15T16:37:15","date_gmt":"2021-01-15T15:37:15","guid":{"rendered":"https:\/\/shopium.eu\/it\/?post_type=product&#038;p=1596"},"modified":"2021-01-15T16:39:24","modified_gmt":"2021-01-15T15:39:24","slug":"oilnecklace","status":"publish","type":"product","link":"https:\/\/non-stopshop.eu\/it\/prodotto\/oilnecklace\/","title":{"rendered":"Collana di profumo &#8211; OilNecklace"},"content":{"rendered":"","protected":false},"excerpt":{"rendered":"<ul>\n<li>Il regalo pi\u00f9 originale che puoi dare a una persona cara \u00e8 l&#8217;aromaterapia in un ciondolo.<\/li>\n<li>L&#8217;aromaterapia rappresenta l&#8217;uso di varie piante, cio\u00e8 preparati come oli essenziali per la salute e la guarigione, e con questa collana li porterai sempre con te.<\/li>\n<li>La collana, oltre ad avere un effetto terapeutico, ha un aspetto molto accattivante e puoi scegliere diversi pendenti secondo i tuoi desideri.<\/li>\n<li>Questa collana speciale \u00e8 realizzata in acciaio inossidabile di alta qualit\u00e0 rivestito con lega d&#8217;argento, quindi \u00e8 di colore argento.<\/li>\n<\/ul>\n","protected":false},"featured_media":1601,"comment_status":"closed","ping_status":"closed","template":"","meta":{"inline_featured_image":false},"product_brand":[],"product_cat":[15],"product_tag":[],"class_list":{"0":"post-1596","1":"product","2":"type-product","3":"status-publish","4":"has-post-thumbnail","6":"product_cat-uncategorized","8":"first","9":"instock","10":"sale","11":"taxable","12":"shipping-taxable","13":"purchasable","14":"product-type-simple"},"acf":[],"_links":{"self":[{"href":"https:\/\/non-stopshop.eu\/it\/wp-json\/wp\/v2\/product\/1596","targetHints":{"allow":["GET"]}}],"collection":[{"href":"https:\/\/non-stopshop.eu\/it\/wp-json\/wp\/v2\/product"}],"about":[{"href":"https:\/\/non-stopshop.eu\/it\/wp-json\/wp\/v2\/types\/product"}],"replies":[{"embeddable":true,"href":"https:\/\/non-stopshop.eu\/it\/wp-json\/wp\/v2\/comments?post=1596"}],"wp:featuredmedia":[{"embeddable":true,"href":"https:\/\/non-stopshop.eu\/it\/wp-json\/wp\/v2\/media\/1601"}],"wp:attachment":[{"href":"https:\/\/non-stopshop.eu\/it\/wp-json\/wp\/v2\/media?parent=1596"}],"wp:term":[{"taxonomy":"product_brand","embeddable":true,"href":"https:\/\/non-stopshop.eu\/it\/wp-json\/wp\/v2\/product_brand?post=1596"},{"taxonomy":"product_cat","embeddable":true,"href":"https:\/\/non-stopshop.eu\/it\/wp-json\/wp\/v2\/product_cat?post=1596"},{"taxonomy":"product_tag","embeddable":true,"href":"https:\/\/non-stopshop.eu\/it\/wp-json\/wp\/v2\/product_tag?post=1596"}],"curies":[{"name":"wp","href":"https:\/\/api.w.org\/{rel}","templated":true}]}}