{"id":2474,"date":"2021-01-28T11:47:45","date_gmt":"2021-01-28T10:47:45","guid":{"rendered":"https:\/\/shopium.eu\/it\/?post_type=product&#038;p=2474"},"modified":"2021-02-24T09:48:18","modified_gmt":"2021-02-24T08:48:18","slug":"btrimmer","status":"publish","type":"product","link":"https:\/\/non-stopshop.eu\/it\/prodotto\/btrimmer\/","title":{"rendered":"Profilo rasaerba con 6 lame &#8211; BTrimmer"},"content":{"rendered":"","protected":false},"excerpt":{"rendered":"<p>Il profilo in acciaio per rasaerba, dotato di 6 lame, render\u00e0 pi\u00f9 facile falciare l&#8217;erba e permetter\u00e0 al tuo cortile o giardino di apparire sempre impeccabilmente in ordine.<\/p>\n","protected":false},"featured_media":2477,"comment_status":"closed","ping_status":"closed","template":"","meta":{"inline_featured_image":false},"product_brand":[],"product_cat":[15],"product_tag":[],"class_list":{"0":"post-2474","1":"product","2":"type-product","3":"status-publish","4":"has-post-thumbnail","6":"product_cat-uncategorized","8":"first","9":"instock","10":"sale","11":"taxable","12":"shipping-taxable","13":"purchasable","14":"product-type-simple"},"acf":[],"_links":{"self":[{"href":"https:\/\/non-stopshop.eu\/it\/wp-json\/wp\/v2\/product\/2474","targetHints":{"allow":["GET"]}}],"collection":[{"href":"https:\/\/non-stopshop.eu\/it\/wp-json\/wp\/v2\/product"}],"about":[{"href":"https:\/\/non-stopshop.eu\/it\/wp-json\/wp\/v2\/types\/product"}],"replies":[{"embeddable":true,"href":"https:\/\/non-stopshop.eu\/it\/wp-json\/wp\/v2\/comments?post=2474"}],"wp:featuredmedia":[{"embeddable":true,"href":"https:\/\/non-stopshop.eu\/it\/wp-json\/wp\/v2\/media\/2477"}],"wp:attachment":[{"href":"https:\/\/non-stopshop.eu\/it\/wp-json\/wp\/v2\/media?parent=2474"}],"wp:term":[{"taxonomy":"product_brand","embeddable":true,"href":"https:\/\/non-stopshop.eu\/it\/wp-json\/wp\/v2\/product_brand?post=2474"},{"taxonomy":"product_cat","embeddable":true,"href":"https:\/\/non-stopshop.eu\/it\/wp-json\/wp\/v2\/product_cat?post=2474"},{"taxonomy":"product_tag","embeddable":true,"href":"https:\/\/non-stopshop.eu\/it\/wp-json\/wp\/v2\/product_tag?post=2474"}],"curies":[{"name":"wp","href":"https:\/\/api.w.org\/{rel}","templated":true}]}}