{"id":2960,"date":"2021-02-08T13:14:23","date_gmt":"2021-02-08T12:14:23","guid":{"rendered":"https:\/\/shopium.eu\/it\/?post_type=product&#038;p=2960"},"modified":"2021-02-19T09:28:19","modified_gmt":"2021-02-19T08:28:19","slug":"gardenable","status":"publish","type":"product","link":"https:\/\/non-stopshop.eu\/it\/prodotto\/gardenable\/","title":{"rendered":"Set attrezzi da giardino &#8211; Gardenable"},"content":{"rendered":"","protected":false},"excerpt":{"rendered":"<p>Un set ideale che render\u00e0 il giardinaggio pi\u00f9 facile con un lavoro pi\u00f9 produttivo.<\/p>\n","protected":false},"featured_media":2965,"comment_status":"closed","ping_status":"closed","template":"","meta":{"inline_featured_image":false},"product_brand":[],"product_cat":[15],"product_tag":[],"class_list":{"0":"post-2960","1":"product","2":"type-product","3":"status-publish","4":"has-post-thumbnail","6":"product_cat-uncategorized","8":"first","9":"instock","10":"sale","11":"taxable","12":"shipping-taxable","13":"purchasable","14":"product-type-simple"},"acf":[],"_links":{"self":[{"href":"https:\/\/non-stopshop.eu\/it\/wp-json\/wp\/v2\/product\/2960","targetHints":{"allow":["GET"]}}],"collection":[{"href":"https:\/\/non-stopshop.eu\/it\/wp-json\/wp\/v2\/product"}],"about":[{"href":"https:\/\/non-stopshop.eu\/it\/wp-json\/wp\/v2\/types\/product"}],"replies":[{"embeddable":true,"href":"https:\/\/non-stopshop.eu\/it\/wp-json\/wp\/v2\/comments?post=2960"}],"wp:featuredmedia":[{"embeddable":true,"href":"https:\/\/non-stopshop.eu\/it\/wp-json\/wp\/v2\/media\/2965"}],"wp:attachment":[{"href":"https:\/\/non-stopshop.eu\/it\/wp-json\/wp\/v2\/media?parent=2960"}],"wp:term":[{"taxonomy":"product_brand","embeddable":true,"href":"https:\/\/non-stopshop.eu\/it\/wp-json\/wp\/v2\/product_brand?post=2960"},{"taxonomy":"product_cat","embeddable":true,"href":"https:\/\/non-stopshop.eu\/it\/wp-json\/wp\/v2\/product_cat?post=2960"},{"taxonomy":"product_tag","embeddable":true,"href":"https:\/\/non-stopshop.eu\/it\/wp-json\/wp\/v2\/product_tag?post=2960"}],"curies":[{"name":"wp","href":"https:\/\/api.w.org\/{rel}","templated":true}]}}