{"id":3399,"date":"2021-02-18T09:15:07","date_gmt":"2021-02-18T08:15:07","guid":{"rendered":"https:\/\/shopium.eu\/it\/?post_type=product&#038;p=3399"},"modified":"2021-02-18T09:54:10","modified_gmt":"2021-02-18T08:54:10","slug":"japanisesaw","status":"publish","type":"product","link":"https:\/\/non-stopshop.eu\/it\/prodotto\/japanisesaw\/","title":{"rendered":"Sega a mano &#8211; JapaniseSaw"},"content":{"rendered":"","protected":false},"excerpt":{"rendered":"<p>Il set per i lavori pi\u00f9 raffinati e la lavorazione del legno di eccezionale qualit\u00e0 e precisione ti consentir\u00e0 di facilitare il lavoro quotidiano con questa sega a mano JapaniseSaw.<\/p>\n","protected":false},"featured_media":3400,"comment_status":"closed","ping_status":"closed","template":"","meta":{"inline_featured_image":false},"product_brand":[],"product_cat":[15],"product_tag":[],"class_list":{"0":"post-3399","1":"product","2":"type-product","3":"status-publish","4":"has-post-thumbnail","6":"product_cat-uncategorized","8":"first","9":"instock","10":"sale","11":"taxable","12":"shipping-taxable","13":"purchasable","14":"product-type-simple"},"acf":[],"_links":{"self":[{"href":"https:\/\/non-stopshop.eu\/it\/wp-json\/wp\/v2\/product\/3399","targetHints":{"allow":["GET"]}}],"collection":[{"href":"https:\/\/non-stopshop.eu\/it\/wp-json\/wp\/v2\/product"}],"about":[{"href":"https:\/\/non-stopshop.eu\/it\/wp-json\/wp\/v2\/types\/product"}],"replies":[{"embeddable":true,"href":"https:\/\/non-stopshop.eu\/it\/wp-json\/wp\/v2\/comments?post=3399"}],"wp:featuredmedia":[{"embeddable":true,"href":"https:\/\/non-stopshop.eu\/it\/wp-json\/wp\/v2\/media\/3400"}],"wp:attachment":[{"href":"https:\/\/non-stopshop.eu\/it\/wp-json\/wp\/v2\/media?parent=3399"}],"wp:term":[{"taxonomy":"product_brand","embeddable":true,"href":"https:\/\/non-stopshop.eu\/it\/wp-json\/wp\/v2\/product_brand?post=3399"},{"taxonomy":"product_cat","embeddable":true,"href":"https:\/\/non-stopshop.eu\/it\/wp-json\/wp\/v2\/product_cat?post=3399"},{"taxonomy":"product_tag","embeddable":true,"href":"https:\/\/non-stopshop.eu\/it\/wp-json\/wp\/v2\/product_tag?post=3399"}],"curies":[{"name":"wp","href":"https:\/\/api.w.org\/{rel}","templated":true}]}}