{"id":3924,"date":"2021-03-04T12:38:29","date_gmt":"2021-03-04T11:38:29","guid":{"rendered":"https:\/\/shopium.eu\/it\/?post_type=product&#038;p=3924"},"modified":"2021-03-04T12:53:03","modified_gmt":"2021-03-04T11:53:03","slug":"branozzle","status":"publish","type":"product","link":"https:\/\/non-stopshop.eu\/it\/prodotto\/branozzle\/","title":{"rendered":"Adattatore per il cambio della pressione dell&#8217;acqua &#8211; Branozzle"},"content":{"rendered":"","protected":false},"excerpt":{"rendered":"<p>Adattatore in ottone di qualit\u00e0 usato per aumentare e modificare la pressione dell&#8217;acqua per un&#8217;efficienza di lavaggio pi\u00f9 forte e pi\u00f9 rapida.<\/p>\n","protected":false},"featured_media":3927,"comment_status":"closed","ping_status":"closed","template":"","meta":{"inline_featured_image":false},"product_brand":[],"product_cat":[15],"product_tag":[],"class_list":{"0":"post-3924","1":"product","2":"type-product","3":"status-publish","4":"has-post-thumbnail","6":"product_cat-uncategorized","8":"first","9":"instock","10":"sale","11":"taxable","12":"shipping-taxable","13":"purchasable","14":"product-type-simple"},"acf":[],"_links":{"self":[{"href":"https:\/\/non-stopshop.eu\/it\/wp-json\/wp\/v2\/product\/3924","targetHints":{"allow":["GET"]}}],"collection":[{"href":"https:\/\/non-stopshop.eu\/it\/wp-json\/wp\/v2\/product"}],"about":[{"href":"https:\/\/non-stopshop.eu\/it\/wp-json\/wp\/v2\/types\/product"}],"replies":[{"embeddable":true,"href":"https:\/\/non-stopshop.eu\/it\/wp-json\/wp\/v2\/comments?post=3924"}],"wp:featuredmedia":[{"embeddable":true,"href":"https:\/\/non-stopshop.eu\/it\/wp-json\/wp\/v2\/media\/3927"}],"wp:attachment":[{"href":"https:\/\/non-stopshop.eu\/it\/wp-json\/wp\/v2\/media?parent=3924"}],"wp:term":[{"taxonomy":"product_brand","embeddable":true,"href":"https:\/\/non-stopshop.eu\/it\/wp-json\/wp\/v2\/product_brand?post=3924"},{"taxonomy":"product_cat","embeddable":true,"href":"https:\/\/non-stopshop.eu\/it\/wp-json\/wp\/v2\/product_cat?post=3924"},{"taxonomy":"product_tag","embeddable":true,"href":"https:\/\/non-stopshop.eu\/it\/wp-json\/wp\/v2\/product_tag?post=3924"}],"curies":[{"name":"wp","href":"https:\/\/api.w.org\/{rel}","templated":true}]}}