{"id":3942,"date":"2021-03-04T12:46:59","date_gmt":"2021-03-04T11:46:59","guid":{"rendered":"https:\/\/shopium.eu\/it\/?post_type=product&#038;p=3942"},"modified":"2021-03-04T12:51:37","modified_gmt":"2021-03-04T11:51:37","slug":"pyromini","status":"publish","type":"product","link":"https:\/\/non-stopshop.eu\/it\/prodotto\/pyromini\/","title":{"rendered":"Mini lanciafiamme  &#8211; Pyromini"},"content":{"rendered":"","protected":false},"excerpt":{"rendered":"<p>Il braccialetto magico che spara proiettili di fuoco, e per tutti i presenti sembrer\u00e0 proprio come una fiamma creata nel tuo palmo che ti render\u00e0 un vero mago e lascer\u00e0 sbalordite le persone presenti.<\/p>\n","protected":false},"featured_media":3948,"comment_status":"closed","ping_status":"closed","template":"","meta":{"inline_featured_image":false},"product_brand":[],"product_cat":[15],"product_tag":[],"class_list":{"0":"post-3942","1":"product","2":"type-product","3":"status-publish","4":"has-post-thumbnail","6":"product_cat-uncategorized","8":"first","9":"instock","10":"sale","11":"taxable","12":"shipping-taxable","13":"purchasable","14":"product-type-simple"},"acf":[],"_links":{"self":[{"href":"https:\/\/non-stopshop.eu\/it\/wp-json\/wp\/v2\/product\/3942","targetHints":{"allow":["GET"]}}],"collection":[{"href":"https:\/\/non-stopshop.eu\/it\/wp-json\/wp\/v2\/product"}],"about":[{"href":"https:\/\/non-stopshop.eu\/it\/wp-json\/wp\/v2\/types\/product"}],"replies":[{"embeddable":true,"href":"https:\/\/non-stopshop.eu\/it\/wp-json\/wp\/v2\/comments?post=3942"}],"wp:featuredmedia":[{"embeddable":true,"href":"https:\/\/non-stopshop.eu\/it\/wp-json\/wp\/v2\/media\/3948"}],"wp:attachment":[{"href":"https:\/\/non-stopshop.eu\/it\/wp-json\/wp\/v2\/media?parent=3942"}],"wp:term":[{"taxonomy":"product_brand","embeddable":true,"href":"https:\/\/non-stopshop.eu\/it\/wp-json\/wp\/v2\/product_brand?post=3942"},{"taxonomy":"product_cat","embeddable":true,"href":"https:\/\/non-stopshop.eu\/it\/wp-json\/wp\/v2\/product_cat?post=3942"},{"taxonomy":"product_tag","embeddable":true,"href":"https:\/\/non-stopshop.eu\/it\/wp-json\/wp\/v2\/product_tag?post=3942"}],"curies":[{"name":"wp","href":"https:\/\/api.w.org\/{rel}","templated":true}]}}