{"id":4191,"date":"2021-03-11T11:15:22","date_gmt":"2021-03-11T10:15:22","guid":{"rendered":"https:\/\/shopium.eu\/it\/?post_type=product&#038;p=4191"},"modified":"2021-03-11T11:19:50","modified_gmt":"2021-03-11T10:19:50","slug":"stampi-per-dolci-professionali-procake","status":"publish","type":"product","link":"https:\/\/non-stopshop.eu\/it\/prodotto\/stampi-per-dolci-professionali-procake\/","title":{"rendered":"Stampi per dolci professionali &#8211; ProCake"},"content":{"rendered":"","protected":false},"excerpt":{"rendered":"<p><span style=\"font-weight: 400;\">I stampi ProCake per la preparazione delle prelibatezze pi\u00f9 deliziose sono realizzati in acciaio inossidabile di qualit\u00e0 che \u00e8 antiaderente e con il quale gli dolci hanno una forma perfetta e l&#8217;aspetto di quelli prodotti nelle pasticcerie professionali.<\/span><\/p>\n","protected":false},"featured_media":4192,"comment_status":"closed","ping_status":"closed","template":"","meta":{"inline_featured_image":false},"product_brand":[],"product_cat":[15],"product_tag":[],"class_list":{"0":"post-4191","1":"product","2":"type-product","3":"status-publish","4":"has-post-thumbnail","6":"product_cat-uncategorized","8":"first","9":"instock","10":"sale","11":"taxable","12":"shipping-taxable","13":"purchasable","14":"product-type-simple"},"acf":[],"_links":{"self":[{"href":"https:\/\/non-stopshop.eu\/it\/wp-json\/wp\/v2\/product\/4191","targetHints":{"allow":["GET"]}}],"collection":[{"href":"https:\/\/non-stopshop.eu\/it\/wp-json\/wp\/v2\/product"}],"about":[{"href":"https:\/\/non-stopshop.eu\/it\/wp-json\/wp\/v2\/types\/product"}],"replies":[{"embeddable":true,"href":"https:\/\/non-stopshop.eu\/it\/wp-json\/wp\/v2\/comments?post=4191"}],"wp:featuredmedia":[{"embeddable":true,"href":"https:\/\/non-stopshop.eu\/it\/wp-json\/wp\/v2\/media\/4192"}],"wp:attachment":[{"href":"https:\/\/non-stopshop.eu\/it\/wp-json\/wp\/v2\/media?parent=4191"}],"wp:term":[{"taxonomy":"product_brand","embeddable":true,"href":"https:\/\/non-stopshop.eu\/it\/wp-json\/wp\/v2\/product_brand?post=4191"},{"taxonomy":"product_cat","embeddable":true,"href":"https:\/\/non-stopshop.eu\/it\/wp-json\/wp\/v2\/product_cat?post=4191"},{"taxonomy":"product_tag","embeddable":true,"href":"https:\/\/non-stopshop.eu\/it\/wp-json\/wp\/v2\/product_tag?post=4191"}],"curies":[{"name":"wp","href":"https:\/\/api.w.org\/{rel}","templated":true}]}}