{"id":4220,"date":"2021-03-11T13:18:47","date_gmt":"2021-03-11T12:18:47","guid":{"rendered":"https:\/\/shopium.eu\/it\/?post_type=product&#038;p=4220"},"modified":"2021-03-11T13:22:05","modified_gmt":"2021-03-11T12:22:05","slug":"luci-a-led-per-garage-flamps","status":"publish","type":"product","link":"https:\/\/non-stopshop.eu\/it\/prodotto\/luci-a-led-per-garage-flamps\/","title":{"rendered":"Luci a LED per garage &#8211; Flamps"},"content":{"rendered":"","protected":false},"excerpt":{"rendered":"<p><span style=\"font-weight: 400;\">Una lampada a LED ultra forte e potente per il tuo garage creer\u00e0 un&#8217;illuminazione come non l&#8217;hai mai avuto prima usando altre lampade e l&#8217;illuminazione fino a quattro volte pi\u00f9 forte ti consentir\u00e0 il lavoro pi\u00f9 semplice e sicuro.<\/span><\/p>\n","protected":false},"featured_media":4226,"comment_status":"closed","ping_status":"closed","template":"","meta":{"inline_featured_image":false},"product_brand":[],"product_cat":[15],"product_tag":[],"class_list":{"0":"post-4220","1":"product","2":"type-product","3":"status-publish","4":"has-post-thumbnail","6":"product_cat-uncategorized","8":"first","9":"instock","10":"sale","11":"taxable","12":"shipping-taxable","13":"purchasable","14":"product-type-simple"},"acf":[],"_links":{"self":[{"href":"https:\/\/non-stopshop.eu\/it\/wp-json\/wp\/v2\/product\/4220","targetHints":{"allow":["GET"]}}],"collection":[{"href":"https:\/\/non-stopshop.eu\/it\/wp-json\/wp\/v2\/product"}],"about":[{"href":"https:\/\/non-stopshop.eu\/it\/wp-json\/wp\/v2\/types\/product"}],"replies":[{"embeddable":true,"href":"https:\/\/non-stopshop.eu\/it\/wp-json\/wp\/v2\/comments?post=4220"}],"wp:featuredmedia":[{"embeddable":true,"href":"https:\/\/non-stopshop.eu\/it\/wp-json\/wp\/v2\/media\/4226"}],"wp:attachment":[{"href":"https:\/\/non-stopshop.eu\/it\/wp-json\/wp\/v2\/media?parent=4220"}],"wp:term":[{"taxonomy":"product_brand","embeddable":true,"href":"https:\/\/non-stopshop.eu\/it\/wp-json\/wp\/v2\/product_brand?post=4220"},{"taxonomy":"product_cat","embeddable":true,"href":"https:\/\/non-stopshop.eu\/it\/wp-json\/wp\/v2\/product_cat?post=4220"},{"taxonomy":"product_tag","embeddable":true,"href":"https:\/\/non-stopshop.eu\/it\/wp-json\/wp\/v2\/product_tag?post=4220"}],"curies":[{"name":"wp","href":"https:\/\/api.w.org\/{rel}","templated":true}]}}