{"id":4518,"date":"2021-03-16T11:25:21","date_gmt":"2021-03-16T10:25:21","guid":{"rendered":"https:\/\/shopium.eu\/it\/?post_type=product&#038;p=4518"},"modified":"2021-03-16T11:30:13","modified_gmt":"2021-03-16T10:30:13","slug":"lampada-frontale-con-luci-a-led-megatorch","status":"publish","type":"product","link":"https:\/\/non-stopshop.eu\/it\/prodotto\/lampada-frontale-con-luci-a-led-megatorch\/","title":{"rendered":"Lampada frontale con luci a led &#8211; MegaTorch"},"content":{"rendered":"","protected":false},"excerpt":{"rendered":"<p><span style=\"font-weight: 400;\">La lampada con luci a LED MegaTorch molto pratica con il suo design innovativo faciliter\u00e0 notevolmente le tue attivit\u00e0 quotidiane svoltesi in condizioni di scarsa illuminazione e allo stesso tempo liberer\u00e0 le tue mani con il suo sensore automatico, dandoti il controllo completo su ci\u00f2 che fai.<\/span><\/p>\n","protected":false},"featured_media":4519,"comment_status":"closed","ping_status":"closed","template":"","meta":{"inline_featured_image":false},"product_brand":[],"product_cat":[15],"product_tag":[],"class_list":{"0":"post-4518","1":"product","2":"type-product","3":"status-publish","4":"has-post-thumbnail","6":"product_cat-uncategorized","8":"first","9":"instock","10":"sale","11":"taxable","12":"shipping-taxable","13":"purchasable","14":"product-type-simple"},"acf":[],"_links":{"self":[{"href":"https:\/\/non-stopshop.eu\/it\/wp-json\/wp\/v2\/product\/4518","targetHints":{"allow":["GET"]}}],"collection":[{"href":"https:\/\/non-stopshop.eu\/it\/wp-json\/wp\/v2\/product"}],"about":[{"href":"https:\/\/non-stopshop.eu\/it\/wp-json\/wp\/v2\/types\/product"}],"replies":[{"embeddable":true,"href":"https:\/\/non-stopshop.eu\/it\/wp-json\/wp\/v2\/comments?post=4518"}],"wp:featuredmedia":[{"embeddable":true,"href":"https:\/\/non-stopshop.eu\/it\/wp-json\/wp\/v2\/media\/4519"}],"wp:attachment":[{"href":"https:\/\/non-stopshop.eu\/it\/wp-json\/wp\/v2\/media?parent=4518"}],"wp:term":[{"taxonomy":"product_brand","embeddable":true,"href":"https:\/\/non-stopshop.eu\/it\/wp-json\/wp\/v2\/product_brand?post=4518"},{"taxonomy":"product_cat","embeddable":true,"href":"https:\/\/non-stopshop.eu\/it\/wp-json\/wp\/v2\/product_cat?post=4518"},{"taxonomy":"product_tag","embeddable":true,"href":"https:\/\/non-stopshop.eu\/it\/wp-json\/wp\/v2\/product_tag?post=4518"}],"curies":[{"name":"wp","href":"https:\/\/api.w.org\/{rel}","templated":true}]}}