{"id":5015,"date":"2021-03-31T11:24:10","date_gmt":"2021-03-31T09:24:10","guid":{"rendered":"https:\/\/shopium.eu\/it\/?post_type=product&#038;p=5015"},"modified":"2021-03-31T13:35:56","modified_gmt":"2021-03-31T11:35:56","slug":"pro-elastici-per-cappelli-adattabili-haire","status":"publish","type":"product","link":"https:\/\/non-stopshop.eu\/it\/prodotto\/pro-elastici-per-cappelli-adattabili-haire\/","title":{"rendered":"Pro elastici per cappelli adattabili &#8211; Haire"},"content":{"rendered":"","protected":false},"excerpt":{"rendered":"<p>Ottimi elastici per capelli che ti aiuteranno nelle attivit\u00e0 quotidiane perch\u00e9 domeranno anche i capelli pi\u00f9 esigenti, e allo stesso tempo potrai scegliere il colore che desideri e adattarli alle tue esigenze.<\/p>\n","protected":false},"featured_media":5038,"comment_status":"closed","ping_status":"closed","template":"","meta":{"inline_featured_image":false},"product_brand":[],"product_cat":[15],"product_tag":[],"class_list":{"0":"post-5015","1":"product","2":"type-product","3":"status-publish","4":"has-post-thumbnail","6":"product_cat-uncategorized","8":"first","9":"instock","10":"sale","11":"taxable","12":"shipping-taxable","13":"purchasable","14":"product-type-simple"},"acf":[],"_links":{"self":[{"href":"https:\/\/non-stopshop.eu\/it\/wp-json\/wp\/v2\/product\/5015","targetHints":{"allow":["GET"]}}],"collection":[{"href":"https:\/\/non-stopshop.eu\/it\/wp-json\/wp\/v2\/product"}],"about":[{"href":"https:\/\/non-stopshop.eu\/it\/wp-json\/wp\/v2\/types\/product"}],"replies":[{"embeddable":true,"href":"https:\/\/non-stopshop.eu\/it\/wp-json\/wp\/v2\/comments?post=5015"}],"wp:featuredmedia":[{"embeddable":true,"href":"https:\/\/non-stopshop.eu\/it\/wp-json\/wp\/v2\/media\/5038"}],"wp:attachment":[{"href":"https:\/\/non-stopshop.eu\/it\/wp-json\/wp\/v2\/media?parent=5015"}],"wp:term":[{"taxonomy":"product_brand","embeddable":true,"href":"https:\/\/non-stopshop.eu\/it\/wp-json\/wp\/v2\/product_brand?post=5015"},{"taxonomy":"product_cat","embeddable":true,"href":"https:\/\/non-stopshop.eu\/it\/wp-json\/wp\/v2\/product_cat?post=5015"},{"taxonomy":"product_tag","embeddable":true,"href":"https:\/\/non-stopshop.eu\/it\/wp-json\/wp\/v2\/product_tag?post=5015"}],"curies":[{"name":"wp","href":"https:\/\/api.w.org\/{rel}","templated":true}]}}