{"id":5470,"date":"2021-10-15T11:57:40","date_gmt":"2021-10-15T09:57:40","guid":{"rendered":"https:\/\/cartium.eu\/it\/?post_type=product&#038;p=5470"},"modified":"2021-11-08T09:28:19","modified_gmt":"2021-11-08T08:28:19","slug":"aereo-catapulta-glideplane","status":"publish","type":"product","link":"https:\/\/non-stopshop.eu\/it\/prodotto\/aereo-catapulta-glideplane\/","title":{"rendered":"Aereo catapulta &#8211; GlidePlane"},"content":{"rendered":"","protected":false},"excerpt":{"rendered":"<p>Un giocattolo molto interessante e sicuro per tutte le et\u00e0, completer\u00e0 il divertimento e porter\u00e0 ad alto lo spirito competitivo dei tuoi bambini nel sparare aerei di spugna da questa pistola catapulta. Glidery \u00e8 il miglior modo di divertimento.<\/p>\n","protected":false},"featured_media":5452,"comment_status":"closed","ping_status":"closed","template":"","meta":{"inline_featured_image":false},"product_brand":[],"product_cat":[15,35],"product_tag":[],"class_list":{"0":"post-5470","1":"product","2":"type-product","3":"status-publish","4":"has-post-thumbnail","6":"product_cat-uncategorized","7":"product_cat-fun","9":"first","10":"instock","11":"sale","12":"taxable","13":"shipping-taxable","14":"purchasable","15":"product-type-simple"},"acf":[],"_links":{"self":[{"href":"https:\/\/non-stopshop.eu\/it\/wp-json\/wp\/v2\/product\/5470","targetHints":{"allow":["GET"]}}],"collection":[{"href":"https:\/\/non-stopshop.eu\/it\/wp-json\/wp\/v2\/product"}],"about":[{"href":"https:\/\/non-stopshop.eu\/it\/wp-json\/wp\/v2\/types\/product"}],"replies":[{"embeddable":true,"href":"https:\/\/non-stopshop.eu\/it\/wp-json\/wp\/v2\/comments?post=5470"}],"wp:featuredmedia":[{"embeddable":true,"href":"https:\/\/non-stopshop.eu\/it\/wp-json\/wp\/v2\/media\/5452"}],"wp:attachment":[{"href":"https:\/\/non-stopshop.eu\/it\/wp-json\/wp\/v2\/media?parent=5470"}],"wp:term":[{"taxonomy":"product_brand","embeddable":true,"href":"https:\/\/non-stopshop.eu\/it\/wp-json\/wp\/v2\/product_brand?post=5470"},{"taxonomy":"product_cat","embeddable":true,"href":"https:\/\/non-stopshop.eu\/it\/wp-json\/wp\/v2\/product_cat?post=5470"},{"taxonomy":"product_tag","embeddable":true,"href":"https:\/\/non-stopshop.eu\/it\/wp-json\/wp\/v2\/product_tag?post=5470"}],"curies":[{"name":"wp","href":"https:\/\/api.w.org\/{rel}","templated":true}]}}