{"id":859,"date":"2021-01-08T08:47:16","date_gmt":"2021-01-08T07:47:16","guid":{"rendered":"https:\/\/shopium.eu\/it\/?post_type=product&#038;p=859"},"modified":"2021-01-08T08:57:12","modified_gmt":"2021-01-08T07:57:12","slug":"heattrapping","status":"publish","type":"product","link":"https:\/\/non-stopshop.eu\/it\/prodotto\/heattrapping\/","title":{"rendered":"Cintura di compressione da uomo &#8211; HeatTrapping"},"content":{"rendered":"","protected":false},"excerpt":{"rendered":"<ul>\n<li>Massimizza gli effetti dell&#8217;allenamento e con l&#8217;aiuto dell&#8217;effetto sauna causato da questa cintura, rimuovi gli eccessi di grasso del girovita e addome.<\/li>\n<li>La compressione dell&#8217;addome e della vita causer\u00e0 calore aggiuntivo, il che significa che il corpo suder\u00e0 in quella zona e migliorer\u00e0 il processo di perdita di peso fino al 40%, provato!<\/li>\n<li>Non otterai mai una vita scolpita pi\u00f9 velocemente che con questa cintura, che accelerer\u00e0 il processo di perdita di peso, cio\u00e8 fusione di depositi di grasso nelle zone critiche.<\/li>\n<\/ul>\n","protected":false},"featured_media":862,"comment_status":"closed","ping_status":"closed","template":"","meta":{"inline_featured_image":false},"product_brand":[],"product_cat":[15],"product_tag":[],"class_list":{"0":"post-859","1":"product","2":"type-product","3":"status-publish","4":"has-post-thumbnail","6":"product_cat-uncategorized","8":"first","9":"instock","10":"sale","11":"taxable","12":"shipping-taxable","13":"purchasable","14":"product-type-simple"},"acf":[],"_links":{"self":[{"href":"https:\/\/non-stopshop.eu\/it\/wp-json\/wp\/v2\/product\/859","targetHints":{"allow":["GET"]}}],"collection":[{"href":"https:\/\/non-stopshop.eu\/it\/wp-json\/wp\/v2\/product"}],"about":[{"href":"https:\/\/non-stopshop.eu\/it\/wp-json\/wp\/v2\/types\/product"}],"replies":[{"embeddable":true,"href":"https:\/\/non-stopshop.eu\/it\/wp-json\/wp\/v2\/comments?post=859"}],"wp:featuredmedia":[{"embeddable":true,"href":"https:\/\/non-stopshop.eu\/it\/wp-json\/wp\/v2\/media\/862"}],"wp:attachment":[{"href":"https:\/\/non-stopshop.eu\/it\/wp-json\/wp\/v2\/media?parent=859"}],"wp:term":[{"taxonomy":"product_brand","embeddable":true,"href":"https:\/\/non-stopshop.eu\/it\/wp-json\/wp\/v2\/product_brand?post=859"},{"taxonomy":"product_cat","embeddable":true,"href":"https:\/\/non-stopshop.eu\/it\/wp-json\/wp\/v2\/product_cat?post=859"},{"taxonomy":"product_tag","embeddable":true,"href":"https:\/\/non-stopshop.eu\/it\/wp-json\/wp\/v2\/product_tag?post=859"}],"curies":[{"name":"wp","href":"https:\/\/api.w.org\/{rel}","templated":true}]}}