{"id":8626,"date":"2022-06-06T09:59:31","date_gmt":"2022-06-06T07:59:31","guid":{"rendered":"https:\/\/non-stopshop.eu\/it\/?post_type=product&#038;p=8626"},"modified":"2022-06-07T17:51:34","modified_gmt":"2022-06-07T15:51:34","slug":"borsa-montessori-per-lo-sviluppo-delle-capacita-motorie","status":"publish","type":"product","link":"https:\/\/non-stopshop.eu\/it\/prodotto\/borsa-montessori-per-lo-sviluppo-delle-capacita-motorie\/","title":{"rendered":"Borsa Montessori per lo sviluppo delle capacit\u00e0 motorie"},"content":{"rendered":"","protected":false},"excerpt":{"rendered":"<p>La borsa Montessori \u00e8 l&#8217;ideale per far sviluppare le capacit\u00e0 dei tuoi piccoli e perfezionare le loro abilit\u00e0. Una borsa divertente ed educativa piacer\u00e0 ad ogni bambino e allo stesso tempo costituir\u00e0 la base ideale per risolvere i compiti!<\/p>\n<p>&nbsp;<\/p>\n","protected":false},"featured_media":8628,"comment_status":"closed","ping_status":"closed","template":"","meta":{"inline_featured_image":false},"product_brand":[],"product_cat":[15],"product_tag":[],"class_list":{"0":"post-8626","1":"product","2":"type-product","3":"status-publish","4":"has-post-thumbnail","6":"product_cat-uncategorized","8":"first","9":"instock","10":"sale","11":"taxable","12":"shipping-taxable","13":"purchasable","14":"product-type-simple"},"acf":[],"_links":{"self":[{"href":"https:\/\/non-stopshop.eu\/it\/wp-json\/wp\/v2\/product\/8626","targetHints":{"allow":["GET"]}}],"collection":[{"href":"https:\/\/non-stopshop.eu\/it\/wp-json\/wp\/v2\/product"}],"about":[{"href":"https:\/\/non-stopshop.eu\/it\/wp-json\/wp\/v2\/types\/product"}],"replies":[{"embeddable":true,"href":"https:\/\/non-stopshop.eu\/it\/wp-json\/wp\/v2\/comments?post=8626"}],"wp:featuredmedia":[{"embeddable":true,"href":"https:\/\/non-stopshop.eu\/it\/wp-json\/wp\/v2\/media\/8628"}],"wp:attachment":[{"href":"https:\/\/non-stopshop.eu\/it\/wp-json\/wp\/v2\/media?parent=8626"}],"wp:term":[{"taxonomy":"product_brand","embeddable":true,"href":"https:\/\/non-stopshop.eu\/it\/wp-json\/wp\/v2\/product_brand?post=8626"},{"taxonomy":"product_cat","embeddable":true,"href":"https:\/\/non-stopshop.eu\/it\/wp-json\/wp\/v2\/product_cat?post=8626"},{"taxonomy":"product_tag","embeddable":true,"href":"https:\/\/non-stopshop.eu\/it\/wp-json\/wp\/v2\/product_tag?post=8626"}],"curies":[{"name":"wp","href":"https:\/\/api.w.org\/{rel}","templated":true}]}}