{"id":2431,"date":"2019-10-15T13:30:02","date_gmt":"2019-10-15T11:30:02","guid":{"rendered":"https:\/\/cartium.eu\/pl\/?post_type=product&#038;p=2431"},"modified":"2023-01-10T10:51:20","modified_gmt":"2023-01-10T09:51:20","slug":"11-gratis-szczotka-silikonowa-do-wc-scrubbrush","status":"publish","type":"product","link":"https:\/\/non-stopshop.eu\/pl\/produkt\/11-gratis-szczotka-silikonowa-do-wc-scrubbrush\/","title":{"rendered":"1+1 GRATIS Szczotka silikonowa do WC &#8211; ScrubBrush"},"content":{"rendered":"","protected":false},"excerpt":{"rendered":"<div class=\"woocommerce-product-details__short-description\">\n<div class=\"woocommerce-product-details__short-description\">\n<p>Sprawne i szybkie czyszczenie WC muszli dzi\u0119ki innowacyjnej silikonowej szczotce, dzi\u0119ki kt\u00f3rej zapomnisz o starych i nieestetycznych szczotkach i zapewnisz czysto\u015b\u0107 na godnym pozazdroszczenia poziomie.<\/p>\n<\/div>\n<\/div>\n","protected":false},"featured_media":2439,"comment_status":"closed","ping_status":"closed","template":"","meta":{"inline_featured_image":false},"product_brand":[],"product_cat":[15,27,24],"product_tag":[],"class_list":{"0":"post-2431","1":"product","2":"type-product","3":"status-publish","4":"has-post-thumbnail","6":"product_cat-uncategorized","7":"product_cat-home","8":"product_cat-sale","10":"first","11":"instock","12":"sale","13":"taxable","14":"shipping-taxable","15":"purchasable","16":"product-type-simple"},"acf":[],"_links":{"self":[{"href":"https:\/\/non-stopshop.eu\/pl\/wp-json\/wp\/v2\/product\/2431","targetHints":{"allow":["GET"]}}],"collection":[{"href":"https:\/\/non-stopshop.eu\/pl\/wp-json\/wp\/v2\/product"}],"about":[{"href":"https:\/\/non-stopshop.eu\/pl\/wp-json\/wp\/v2\/types\/product"}],"replies":[{"embeddable":true,"href":"https:\/\/non-stopshop.eu\/pl\/wp-json\/wp\/v2\/comments?post=2431"}],"wp:featuredmedia":[{"embeddable":true,"href":"https:\/\/non-stopshop.eu\/pl\/wp-json\/wp\/v2\/media\/2439"}],"wp:attachment":[{"href":"https:\/\/non-stopshop.eu\/pl\/wp-json\/wp\/v2\/media?parent=2431"}],"wp:term":[{"taxonomy":"product_brand","embeddable":true,"href":"https:\/\/non-stopshop.eu\/pl\/wp-json\/wp\/v2\/product_brand?post=2431"},{"taxonomy":"product_cat","embeddable":true,"href":"https:\/\/non-stopshop.eu\/pl\/wp-json\/wp\/v2\/product_cat?post=2431"},{"taxonomy":"product_tag","embeddable":true,"href":"https:\/\/non-stopshop.eu\/pl\/wp-json\/wp\/v2\/product_tag?post=2431"}],"curies":[{"name":"wp","href":"https:\/\/api.w.org\/{rel}","templated":true}]}}