{"id":2444,"date":"2021-10-15T13:36:58","date_gmt":"2021-10-15T11:36:58","guid":{"rendered":"https:\/\/cartium.eu\/pl\/?post_type=product&#038;p=2444"},"modified":"2021-11-08T09:18:55","modified_gmt":"2021-11-08T08:18:55","slug":"samolot-katapultowy-glideplane","status":"publish","type":"product","link":"https:\/\/non-stopshop.eu\/pl\/produkt\/samolot-katapultowy-glideplane\/","title":{"rendered":"Samolot katapultowy &#8211; GlidePlane"},"content":{"rendered":"","protected":false},"excerpt":{"rendered":"<div class=\"woocommerce-product-details__short-description\">\n<div class=\"woocommerce-product-details__short-description\">\n<p>Super ciekawa i bezpieczna zabawka dla wszystkich dzieci dope\u0142ni zabaw\u0119 i ujawni ducha rywalizacji Twoich dzieci w strzelaniu z g\u0105bczastych samolot\u00f3w z tego pistoletu katapultowego. Glidery to najlepsza forma rozrywki.<\/p>\n<\/div>\n<\/div>\n","protected":false},"featured_media":2451,"comment_status":"closed","ping_status":"closed","template":"","meta":{"inline_featured_image":false},"product_brand":[],"product_cat":[15,35],"product_tag":[],"class_list":{"0":"post-2444","1":"product","2":"type-product","3":"status-publish","4":"has-post-thumbnail","6":"product_cat-uncategorized","7":"product_cat-fun","9":"first","10":"instock","11":"sale","12":"taxable","13":"shipping-taxable","14":"purchasable","15":"product-type-simple"},"acf":[],"_links":{"self":[{"href":"https:\/\/non-stopshop.eu\/pl\/wp-json\/wp\/v2\/product\/2444","targetHints":{"allow":["GET"]}}],"collection":[{"href":"https:\/\/non-stopshop.eu\/pl\/wp-json\/wp\/v2\/product"}],"about":[{"href":"https:\/\/non-stopshop.eu\/pl\/wp-json\/wp\/v2\/types\/product"}],"replies":[{"embeddable":true,"href":"https:\/\/non-stopshop.eu\/pl\/wp-json\/wp\/v2\/comments?post=2444"}],"wp:featuredmedia":[{"embeddable":true,"href":"https:\/\/non-stopshop.eu\/pl\/wp-json\/wp\/v2\/media\/2451"}],"wp:attachment":[{"href":"https:\/\/non-stopshop.eu\/pl\/wp-json\/wp\/v2\/media?parent=2444"}],"wp:term":[{"taxonomy":"product_brand","embeddable":true,"href":"https:\/\/non-stopshop.eu\/pl\/wp-json\/wp\/v2\/product_brand?post=2444"},{"taxonomy":"product_cat","embeddable":true,"href":"https:\/\/non-stopshop.eu\/pl\/wp-json\/wp\/v2\/product_cat?post=2444"},{"taxonomy":"product_tag","embeddable":true,"href":"https:\/\/non-stopshop.eu\/pl\/wp-json\/wp\/v2\/product_tag?post=2444"}],"curies":[{"name":"wp","href":"https:\/\/api.w.org\/{rel}","templated":true}]}}