{"id":2611,"date":"2021-12-10T23:05:00","date_gmt":"2021-12-10T22:05:00","guid":{"rendered":"https:\/\/non-stopshop.eu\/pl\/?post_type=product&#038;p=2611"},"modified":"2023-05-11T11:13:16","modified_gmt":"2023-05-11T09:13:16","slug":"dekoracja-swietlna-z-sterowaniem-zdalnm-ledflash","status":"publish","type":"product","link":"https:\/\/non-stopshop.eu\/pl\/produkt\/dekoracja-swietlna-z-sterowaniem-zdalnm-ledflash\/","title":{"rendered":"Dekoracja \u015bwietlna z sterowaniem zdalnm &#8211; Ledflash"},"content":{"rendered":"","protected":false},"excerpt":{"rendered":"<div class=\"woocommerce-product-details__short-description\">\n<div class=\"woocommerce-product-details__short-description\">\n<div class=\"woocommerce-product-details__short-description\">\n<div class=\"woocommerce-product-details__short-description\">\n<div class=\"woocommerce-product-details__short-description\">\n<div class=\"woocommerce-product-details__short-description\">\n<div class=\"woocommerce-product-details__short-description\">\n<p id=\"tw-target-text\" class=\"tw-data-text tw-text-large tw-ta\" dir=\"ltr\" data-placeholder=\"Prijevod\"><span class=\"Y2IQFc\" lang=\"pl\">Doskona\u0142e ozdobne \u015bwiat\u0142a LED na pilota za pomoc\u0105 smartfon\u00f3w stworz\u0105 idealn\u0105 atmosfer\u0119 podczas \u015bwi\u0105t, Nowego Roku i \u015awi\u0105t Bo\u017cego Narodzenia, jako\u015b\u0107 z efektownymi wariacjami kolorystycznymi stworz\u0105 niezwyk\u0142\u0105 atmosfer\u0119 i atmosfer\u0119.<\/span><\/p>\n<\/div>\n<\/div>\n<\/div>\n<\/div>\n<\/div>\n<\/div>\n<\/div>\n","protected":false},"featured_media":5361,"comment_status":"closed","ping_status":"closed","template":"","meta":{"inline_featured_image":false},"product_brand":[],"product_cat":[15,27,36,35],"product_tag":[],"class_list":{"0":"post-2611","1":"product","2":"type-product","3":"status-publish","4":"has-post-thumbnail","6":"product_cat-uncategorized","7":"product_cat-home","8":"product_cat-seasonal-discounts","9":"product_cat-fun","11":"first","12":"instock","13":"sale","14":"taxable","15":"shipping-taxable","16":"purchasable","17":"product-type-simple"},"acf":[],"_links":{"self":[{"href":"https:\/\/non-stopshop.eu\/pl\/wp-json\/wp\/v2\/product\/2611","targetHints":{"allow":["GET"]}}],"collection":[{"href":"https:\/\/non-stopshop.eu\/pl\/wp-json\/wp\/v2\/product"}],"about":[{"href":"https:\/\/non-stopshop.eu\/pl\/wp-json\/wp\/v2\/types\/product"}],"replies":[{"embeddable":true,"href":"https:\/\/non-stopshop.eu\/pl\/wp-json\/wp\/v2\/comments?post=2611"}],"wp:featuredmedia":[{"embeddable":true,"href":"https:\/\/non-stopshop.eu\/pl\/wp-json\/wp\/v2\/media\/5361"}],"wp:attachment":[{"href":"https:\/\/non-stopshop.eu\/pl\/wp-json\/wp\/v2\/media?parent=2611"}],"wp:term":[{"taxonomy":"product_brand","embeddable":true,"href":"https:\/\/non-stopshop.eu\/pl\/wp-json\/wp\/v2\/product_brand?post=2611"},{"taxonomy":"product_cat","embeddable":true,"href":"https:\/\/non-stopshop.eu\/pl\/wp-json\/wp\/v2\/product_cat?post=2611"},{"taxonomy":"product_tag","embeddable":true,"href":"https:\/\/non-stopshop.eu\/pl\/wp-json\/wp\/v2\/product_tag?post=2611"}],"curies":[{"name":"wp","href":"https:\/\/api.w.org\/{rel}","templated":true}]}}