{"id":2632,"date":"2022-01-20T13:22:01","date_gmt":"2022-01-20T12:22:01","guid":{"rendered":"https:\/\/non-stopshop.eu\/pl\/?post_type=product&#038;p=2632"},"modified":"2022-02-01T17:17:57","modified_gmt":"2022-02-01T16:17:57","slug":"uniwersalny-sciagacz-izolacji","status":"publish","type":"product","link":"https:\/\/non-stopshop.eu\/pl\/produkt\/uniwersalny-sciagacz-izolacji\/","title":{"rendered":"Uniwersalny \u015bci\u0105gacz izolacji"},"content":{"rendered":"","protected":false},"excerpt":{"rendered":"<p>Przesta\u0144 u\u017cywa\u0107 niebezpiecznych no\u017cy do zdejmowania izolacji z przewod\u00f3w!<\/p>\n<p>Dzi\u0119ki temu r\u0119cznemu \u015bci\u0105gaczowi izolacji mo\u017cesz to zrobi\u0107 bezpiecznie i szybko.<\/p>\n","protected":false},"featured_media":2633,"comment_status":"closed","ping_status":"closed","template":"","meta":{"inline_featured_image":false},"product_brand":[],"product_cat":[15],"product_tag":[],"class_list":{"0":"post-2632","1":"product","2":"type-product","3":"status-publish","4":"has-post-thumbnail","6":"product_cat-uncategorized","8":"first","9":"instock","10":"sale","11":"taxable","12":"shipping-taxable","13":"purchasable","14":"product-type-simple"},"acf":[],"_links":{"self":[{"href":"https:\/\/non-stopshop.eu\/pl\/wp-json\/wp\/v2\/product\/2632","targetHints":{"allow":["GET"]}}],"collection":[{"href":"https:\/\/non-stopshop.eu\/pl\/wp-json\/wp\/v2\/product"}],"about":[{"href":"https:\/\/non-stopshop.eu\/pl\/wp-json\/wp\/v2\/types\/product"}],"replies":[{"embeddable":true,"href":"https:\/\/non-stopshop.eu\/pl\/wp-json\/wp\/v2\/comments?post=2632"}],"wp:featuredmedia":[{"embeddable":true,"href":"https:\/\/non-stopshop.eu\/pl\/wp-json\/wp\/v2\/media\/2633"}],"wp:attachment":[{"href":"https:\/\/non-stopshop.eu\/pl\/wp-json\/wp\/v2\/media?parent=2632"}],"wp:term":[{"taxonomy":"product_brand","embeddable":true,"href":"https:\/\/non-stopshop.eu\/pl\/wp-json\/wp\/v2\/product_brand?post=2632"},{"taxonomy":"product_cat","embeddable":true,"href":"https:\/\/non-stopshop.eu\/pl\/wp-json\/wp\/v2\/product_cat?post=2632"},{"taxonomy":"product_tag","embeddable":true,"href":"https:\/\/non-stopshop.eu\/pl\/wp-json\/wp\/v2\/product_tag?post=2632"}],"curies":[{"name":"wp","href":"https:\/\/api.w.org\/{rel}","templated":true}]}}