{"id":2646,"date":"2022-01-22T16:12:53","date_gmt":"2022-01-22T15:12:53","guid":{"rendered":"https:\/\/non-stopshop.eu\/pl\/?post_type=product&#038;p=2646"},"modified":"2023-01-10T10:38:30","modified_gmt":"2023-01-10T09:38:30","slug":"wielofunkcyjne-narzedzie-do-ciecia-drewna-i-plyt-gipsowo-kartonowych-cutex","status":"publish","type":"product","link":"https:\/\/non-stopshop.eu\/pl\/produkt\/wielofunkcyjne-narzedzie-do-ciecia-drewna-i-plyt-gipsowo-kartonowych-cutex\/","title":{"rendered":"Wielofunkcyjne narz\u0119dzie do ci\u0119cia drewna i p\u0142yt gipsowo-kartonowych &#8211; Cutex"},"content":{"rendered":"","protected":false},"excerpt":{"rendered":"<p>O\u0142\u00f3wek stolarski doskonale pasuje do uchwytu narz\u0119dzia, wi\u0119c oznaczenie odpowiednich wymiar\u00f3w i linii ci\u0119cia na ca\u0142ej d\u0142ugo\u015bci nie b\u0119dzie problemem.<\/p>\n","protected":false},"featured_media":2647,"comment_status":"closed","ping_status":"closed","template":"","meta":{"inline_featured_image":false},"product_brand":[],"product_cat":[15,27],"product_tag":[],"class_list":{"0":"post-2646","1":"product","2":"type-product","3":"status-publish","4":"has-post-thumbnail","6":"product_cat-uncategorized","7":"product_cat-home","9":"first","10":"instock","11":"sale","12":"taxable","13":"shipping-taxable","14":"purchasable","15":"product-type-simple"},"acf":[],"_links":{"self":[{"href":"https:\/\/non-stopshop.eu\/pl\/wp-json\/wp\/v2\/product\/2646","targetHints":{"allow":["GET"]}}],"collection":[{"href":"https:\/\/non-stopshop.eu\/pl\/wp-json\/wp\/v2\/product"}],"about":[{"href":"https:\/\/non-stopshop.eu\/pl\/wp-json\/wp\/v2\/types\/product"}],"replies":[{"embeddable":true,"href":"https:\/\/non-stopshop.eu\/pl\/wp-json\/wp\/v2\/comments?post=2646"}],"wp:featuredmedia":[{"embeddable":true,"href":"https:\/\/non-stopshop.eu\/pl\/wp-json\/wp\/v2\/media\/2647"}],"wp:attachment":[{"href":"https:\/\/non-stopshop.eu\/pl\/wp-json\/wp\/v2\/media?parent=2646"}],"wp:term":[{"taxonomy":"product_brand","embeddable":true,"href":"https:\/\/non-stopshop.eu\/pl\/wp-json\/wp\/v2\/product_brand?post=2646"},{"taxonomy":"product_cat","embeddable":true,"href":"https:\/\/non-stopshop.eu\/pl\/wp-json\/wp\/v2\/product_cat?post=2646"},{"taxonomy":"product_tag","embeddable":true,"href":"https:\/\/non-stopshop.eu\/pl\/wp-json\/wp\/v2\/product_tag?post=2646"}],"curies":[{"name":"wp","href":"https:\/\/api.w.org\/{rel}","templated":true}]}}