{"id":2677,"date":"2022-03-04T13:02:24","date_gmt":"2022-03-04T12:02:24","guid":{"rendered":"https:\/\/non-stopshop.eu\/pl\/?post_type=product&#038;p=2677"},"modified":"2023-01-10T10:38:19","modified_gmt":"2023-01-10T09:38:19","slug":"pas-powietrzny-do-naciagania-twarzy-lifty","status":"publish","type":"product","link":"https:\/\/non-stopshop.eu\/pl\/produkt\/pas-powietrzny-do-naciagania-twarzy-lifty\/","title":{"rendered":"Pas powietrzny do naci\u0105gania twarzy &#8211; Lifty"},"content":{"rendered":"","protected":false},"excerpt":{"rendered":"<p>Lifty do twarzy skutecznie i ca\u0142kowicie podnosi mi\u0119\u015bnie ust, twarzy i szyi bez \u017cadnych kosztownych zabieg\u00f3w i botoxu. Wygl\u0105daj m\u0142odziej i rado\u015bniej dzi\u0119ki temu wyj\u0105tkowemu produktowi!<\/p>\n","protected":false},"featured_media":2761,"comment_status":"closed","ping_status":"closed","template":"","meta":{"inline_featured_image":false},"product_brand":[],"product_cat":[15,28,26],"product_tag":[],"class_list":{"0":"post-2677","1":"product","2":"type-product","3":"status-publish","4":"has-post-thumbnail","6":"product_cat-uncategorized","7":"product_cat-beauty","8":"product_cat-health","10":"first","11":"instock","12":"sale","13":"taxable","14":"shipping-taxable","15":"purchasable","16":"product-type-simple"},"acf":[],"_links":{"self":[{"href":"https:\/\/non-stopshop.eu\/pl\/wp-json\/wp\/v2\/product\/2677","targetHints":{"allow":["GET"]}}],"collection":[{"href":"https:\/\/non-stopshop.eu\/pl\/wp-json\/wp\/v2\/product"}],"about":[{"href":"https:\/\/non-stopshop.eu\/pl\/wp-json\/wp\/v2\/types\/product"}],"replies":[{"embeddable":true,"href":"https:\/\/non-stopshop.eu\/pl\/wp-json\/wp\/v2\/comments?post=2677"}],"wp:featuredmedia":[{"embeddable":true,"href":"https:\/\/non-stopshop.eu\/pl\/wp-json\/wp\/v2\/media\/2761"}],"wp:attachment":[{"href":"https:\/\/non-stopshop.eu\/pl\/wp-json\/wp\/v2\/media?parent=2677"}],"wp:term":[{"taxonomy":"product_brand","embeddable":true,"href":"https:\/\/non-stopshop.eu\/pl\/wp-json\/wp\/v2\/product_brand?post=2677"},{"taxonomy":"product_cat","embeddable":true,"href":"https:\/\/non-stopshop.eu\/pl\/wp-json\/wp\/v2\/product_cat?post=2677"},{"taxonomy":"product_tag","embeddable":true,"href":"https:\/\/non-stopshop.eu\/pl\/wp-json\/wp\/v2\/product_tag?post=2677"}],"curies":[{"name":"wp","href":"https:\/\/api.w.org\/{rel}","templated":true}]}}