{"id":2872,"date":"2022-04-28T15:40:49","date_gmt":"2022-04-28T13:40:49","guid":{"rendered":"https:\/\/non-stopshop.eu\/pl\/?post_type=product&#038;p=2872"},"modified":"2023-04-28T14:07:40","modified_gmt":"2023-04-28T12:07:40","slug":"reczny-zestaw-do-naprawy-mebli","status":"publish","type":"product","link":"https:\/\/non-stopshop.eu\/pl\/produkt\/reczny-zestaw-do-naprawy-mebli\/","title":{"rendered":"R\u0119czny zestaw do naprawy mebli"},"content":{"rendered":"","protected":false},"excerpt":{"rendered":"<p>Napraw drobne rysy na wszystkich rodzajach pod\u0142\u00f3g lub innych mebli i powierzchni drewnianych. Idealny do parkiet\u00f3w, laminat\u00f3w, p\u0142yt roboczych lub mebli i drewnia nego materia\u0142u.<\/p>\n","protected":false},"featured_media":2873,"comment_status":"closed","ping_status":"closed","template":"","meta":{"inline_featured_image":false},"product_brand":[],"product_cat":[15,27,35],"product_tag":[],"class_list":{"0":"post-2872","1":"product","2":"type-product","3":"status-publish","4":"has-post-thumbnail","6":"product_cat-uncategorized","7":"product_cat-home","8":"product_cat-fun","10":"first","11":"instock","12":"sale","13":"taxable","14":"shipping-taxable","15":"purchasable","16":"product-type-simple"},"acf":[],"_links":{"self":[{"href":"https:\/\/non-stopshop.eu\/pl\/wp-json\/wp\/v2\/product\/2872","targetHints":{"allow":["GET"]}}],"collection":[{"href":"https:\/\/non-stopshop.eu\/pl\/wp-json\/wp\/v2\/product"}],"about":[{"href":"https:\/\/non-stopshop.eu\/pl\/wp-json\/wp\/v2\/types\/product"}],"replies":[{"embeddable":true,"href":"https:\/\/non-stopshop.eu\/pl\/wp-json\/wp\/v2\/comments?post=2872"}],"wp:featuredmedia":[{"embeddable":true,"href":"https:\/\/non-stopshop.eu\/pl\/wp-json\/wp\/v2\/media\/2873"}],"wp:attachment":[{"href":"https:\/\/non-stopshop.eu\/pl\/wp-json\/wp\/v2\/media?parent=2872"}],"wp:term":[{"taxonomy":"product_brand","embeddable":true,"href":"https:\/\/non-stopshop.eu\/pl\/wp-json\/wp\/v2\/product_brand?post=2872"},{"taxonomy":"product_cat","embeddable":true,"href":"https:\/\/non-stopshop.eu\/pl\/wp-json\/wp\/v2\/product_cat?post=2872"},{"taxonomy":"product_tag","embeddable":true,"href":"https:\/\/non-stopshop.eu\/pl\/wp-json\/wp\/v2\/product_tag?post=2872"}],"curies":[{"name":"wp","href":"https:\/\/api.w.org\/{rel}","templated":true}]}}