{"id":3013,"date":"2022-05-22T11:26:12","date_gmt":"2022-05-22T09:26:12","guid":{"rendered":"https:\/\/non-stopshop.eu\/pl\/?post_type=product&#038;p=3013"},"modified":"2023-01-10T10:37:16","modified_gmt":"2023-01-10T09:37:16","slug":"11-gratis-samoprzylepne-rzesy-wielokrotnego-uzytku-reuselash","status":"publish","type":"product","link":"https:\/\/non-stopshop.eu\/pl\/produkt\/11-gratis-samoprzylepne-rzesy-wielokrotnego-uzytku-reuselash\/","title":{"rendered":"1+1 GRATIS Samoprzylepne rz\u0119sy wielokrotnego u\u017cytku &#8211; Reuselash"},"content":{"rendered":"","protected":false},"excerpt":{"rendered":"<div class=\"woocommerce-product-details__short-description\">\n<div class=\"woocommerce-product-details__short-description\">\n<div class=\"woocommerce-product-details__short-description\">\n<div class=\"woocommerce-product-details__short-description\">\n<p>Wypr\u00f3buj nasze samoprzylepne rz\u0119sy wielokrotnego u\u017cytku, kt\u00f3re s\u0105 \u0142atwe i szybkie w aplikacji, co znacznie u\u0142atwia wykonanie makija\u017cu. S\u0105 tak naturalna jak Twoje w\u0142asne rz\u0119sy i mog\u0105 by\u0107 ponownie u\u017cyte.<\/p>\n<\/div>\n<\/div>\n<\/div>\n<\/div>\n","protected":false},"featured_media":2707,"comment_status":"closed","ping_status":"closed","template":"","meta":{"inline_featured_image":false},"product_brand":[],"product_cat":[15,28,24],"product_tag":[],"class_list":{"0":"post-3013","1":"product","2":"type-product","3":"status-publish","4":"has-post-thumbnail","6":"product_cat-uncategorized","7":"product_cat-beauty","8":"product_cat-sale","10":"first","11":"instock","12":"sale","13":"taxable","14":"shipping-taxable","15":"purchasable","16":"product-type-simple"},"acf":[],"_links":{"self":[{"href":"https:\/\/non-stopshop.eu\/pl\/wp-json\/wp\/v2\/product\/3013","targetHints":{"allow":["GET"]}}],"collection":[{"href":"https:\/\/non-stopshop.eu\/pl\/wp-json\/wp\/v2\/product"}],"about":[{"href":"https:\/\/non-stopshop.eu\/pl\/wp-json\/wp\/v2\/types\/product"}],"replies":[{"embeddable":true,"href":"https:\/\/non-stopshop.eu\/pl\/wp-json\/wp\/v2\/comments?post=3013"}],"wp:featuredmedia":[{"embeddable":true,"href":"https:\/\/non-stopshop.eu\/pl\/wp-json\/wp\/v2\/media\/2707"}],"wp:attachment":[{"href":"https:\/\/non-stopshop.eu\/pl\/wp-json\/wp\/v2\/media?parent=3013"}],"wp:term":[{"taxonomy":"product_brand","embeddable":true,"href":"https:\/\/non-stopshop.eu\/pl\/wp-json\/wp\/v2\/product_brand?post=3013"},{"taxonomy":"product_cat","embeddable":true,"href":"https:\/\/non-stopshop.eu\/pl\/wp-json\/wp\/v2\/product_cat?post=3013"},{"taxonomy":"product_tag","embeddable":true,"href":"https:\/\/non-stopshop.eu\/pl\/wp-json\/wp\/v2\/product_tag?post=3013"}],"curies":[{"name":"wp","href":"https:\/\/api.w.org\/{rel}","templated":true}]}}