{"id":3163,"date":"2022-06-06T16:14:29","date_gmt":"2022-06-06T14:14:29","guid":{"rendered":"https:\/\/non-stopshop.eu\/pl\/?post_type=product&#038;p=3163"},"modified":"2022-06-09T15:23:55","modified_gmt":"2022-06-09T13:23:55","slug":"5-sztuk-zestaw-przynet-wedkarskich-ultralure","status":"publish","type":"product","link":"https:\/\/non-stopshop.eu\/pl\/produkt\/5-sztuk-zestaw-przynet-wedkarskich-ultralure\/","title":{"rendered":"5 sztuk &#8211; Zestaw przyn\u0119t w\u0119dkarskich-UltraLure"},"content":{"rendered":"<p>Konstrukcja przyn\u0119ty zosta\u0142a zaprojektowana tak, aby wygl\u0105da\u0142a realistycznie i p\u0142ywa\u0142a jak zraniona ryba. Drapie\u017cne ryby wszystkich rozmiar\u00f3w szybko je zaatakuj\u0105! Idealna przyn\u0119ta do \u0142owienia w morzu, a tak\u017ce w s\u0142odkiej wodzie!<\/p>\n","protected":false},"excerpt":{"rendered":"<div class=\"woocommerce-product-details__short-description\">\n<div class=\"woocommerce-product-details__short-description\">\n<div class=\"woocommerce-product-details__short-description\">\n<div class=\"woocommerce-product-details__short-description\">\n<p>Konstrukcja przyn\u0119ty zosta\u0142a zaprojektowana tak, aby wygl\u0105da\u0142a realistycznie i p\u0142ywa\u0142a jak zraniona ryba. Drapie\u017cne ryby wszystkich rozmiar\u00f3w szybko je zaatakuj\u0105! Idealna przyn\u0119ta do \u0142owienia w morzu, a tak\u017ce w s\u0142odkiej wodzie!<\/p>\n<\/div>\n<\/div>\n<\/div>\n<\/div>\n","protected":false},"featured_media":3175,"comment_status":"closed","ping_status":"closed","template":"","meta":{"inline_featured_image":false},"product_brand":[],"product_cat":[15,27,36,35],"product_tag":[],"class_list":{"0":"post-3163","1":"product","2":"type-product","3":"status-publish","4":"has-post-thumbnail","6":"product_cat-uncategorized","7":"product_cat-home","8":"product_cat-seasonal-discounts","9":"product_cat-fun","11":"first","12":"instock","13":"sale","14":"taxable","15":"shipping-taxable","16":"purchasable","17":"product-type-simple"},"acf":[],"_links":{"self":[{"href":"https:\/\/non-stopshop.eu\/pl\/wp-json\/wp\/v2\/product\/3163","targetHints":{"allow":["GET"]}}],"collection":[{"href":"https:\/\/non-stopshop.eu\/pl\/wp-json\/wp\/v2\/product"}],"about":[{"href":"https:\/\/non-stopshop.eu\/pl\/wp-json\/wp\/v2\/types\/product"}],"replies":[{"embeddable":true,"href":"https:\/\/non-stopshop.eu\/pl\/wp-json\/wp\/v2\/comments?post=3163"}],"wp:featuredmedia":[{"embeddable":true,"href":"https:\/\/non-stopshop.eu\/pl\/wp-json\/wp\/v2\/media\/3175"}],"wp:attachment":[{"href":"https:\/\/non-stopshop.eu\/pl\/wp-json\/wp\/v2\/media?parent=3163"}],"wp:term":[{"taxonomy":"product_brand","embeddable":true,"href":"https:\/\/non-stopshop.eu\/pl\/wp-json\/wp\/v2\/product_brand?post=3163"},{"taxonomy":"product_cat","embeddable":true,"href":"https:\/\/non-stopshop.eu\/pl\/wp-json\/wp\/v2\/product_cat?post=3163"},{"taxonomy":"product_tag","embeddable":true,"href":"https:\/\/non-stopshop.eu\/pl\/wp-json\/wp\/v2\/product_tag?post=3163"}],"curies":[{"name":"wp","href":"https:\/\/api.w.org\/{rel}","templated":true}]}}