{"id":3291,"date":"2022-06-14T11:48:27","date_gmt":"2022-06-14T09:48:27","guid":{"rendered":"https:\/\/non-stopshop.eu\/pl\/?post_type=product&#038;p=3291"},"modified":"2023-01-10T10:36:40","modified_gmt":"2023-01-10T09:36:40","slug":"letni-biustonosz-bez-ramiaczek-pushup","status":"publish","type":"product","link":"https:\/\/non-stopshop.eu\/pl\/produkt\/letni-biustonosz-bez-ramiaczek-pushup\/","title":{"rendered":"Letni biustonosz bez rami\u0105czek PushUp"},"content":{"rendered":"","protected":false},"excerpt":{"rendered":"<p>Podnie\u015b swoje piersi, aby uzyska\u0107 spektakularny wygl\u0105d z g\u0142\u0119bszym dekoltem w ka\u017cdej okazji i kombinacji. Ten biustonosz bez rami\u0105czek PusUp pozostanie ukryty pod ka\u017cd\u0105 odzie\u017c\u0105.<\/p>\n<ul>\n<li>A-B &#8211; pasuje do kosza A \/ B<\/li>\n<li>C-D &#8211; pasuje do kosza C\/D<\/li>\n<li>E-F-nadaje si\u0119 do kosza E\/F<\/li>\n<\/ul>\n","protected":false},"featured_media":3293,"comment_status":"closed","ping_status":"closed","template":"","meta":{"inline_featured_image":false},"product_brand":[],"product_cat":[15,28],"product_tag":[],"class_list":{"0":"post-3291","1":"product","2":"type-product","3":"status-publish","4":"has-post-thumbnail","6":"product_cat-uncategorized","7":"product_cat-beauty","9":"first","10":"instock","11":"sale","12":"taxable","13":"shipping-taxable","14":"purchasable","15":"product-type-variable"},"acf":[],"_links":{"self":[{"href":"https:\/\/non-stopshop.eu\/pl\/wp-json\/wp\/v2\/product\/3291","targetHints":{"allow":["GET"]}}],"collection":[{"href":"https:\/\/non-stopshop.eu\/pl\/wp-json\/wp\/v2\/product"}],"about":[{"href":"https:\/\/non-stopshop.eu\/pl\/wp-json\/wp\/v2\/types\/product"}],"replies":[{"embeddable":true,"href":"https:\/\/non-stopshop.eu\/pl\/wp-json\/wp\/v2\/comments?post=3291"}],"wp:featuredmedia":[{"embeddable":true,"href":"https:\/\/non-stopshop.eu\/pl\/wp-json\/wp\/v2\/media\/3293"}],"wp:attachment":[{"href":"https:\/\/non-stopshop.eu\/pl\/wp-json\/wp\/v2\/media?parent=3291"}],"wp:term":[{"taxonomy":"product_brand","embeddable":true,"href":"https:\/\/non-stopshop.eu\/pl\/wp-json\/wp\/v2\/product_brand?post=3291"},{"taxonomy":"product_cat","embeddable":true,"href":"https:\/\/non-stopshop.eu\/pl\/wp-json\/wp\/v2\/product_cat?post=3291"},{"taxonomy":"product_tag","embeddable":true,"href":"https:\/\/non-stopshop.eu\/pl\/wp-json\/wp\/v2\/product_tag?post=3291"}],"curies":[{"name":"wp","href":"https:\/\/api.w.org\/{rel}","templated":true}]}}