{"id":4303,"date":"2022-09-09T10:50:19","date_gmt":"2022-09-09T08:50:19","guid":{"rendered":"https:\/\/non-stopshop.eu\/pl\/?post_type=product&#038;p=4303"},"modified":"2023-04-13T15:48:28","modified_gmt":"2023-04-13T13:48:28","slug":"zestaw-do-tworzenia-3d-figurek","status":"publish","type":"product","link":"https:\/\/non-stopshop.eu\/pl\/produkt\/zestaw-do-tworzenia-3d-figurek\/","title":{"rendered":"Zestaw do tworzenia-3d-figurek"},"content":{"rendered":"","protected":false},"excerpt":{"rendered":"<p>Zestaw DIY do robienia figurek jest idealny do zabawy i relaksu. Ta interesuj\u0105ca gra jest relaksuj\u0105ca i efektywna. Jest bardzo \u0142atwy w u\u017cyciu i jest idealnym narz\u0119dziem do wyra\u017cania kreatywno\u015bci.<\/p>\n","protected":false},"featured_media":4310,"comment_status":"closed","ping_status":"closed","template":"","meta":{"inline_featured_image":false},"product_brand":[],"product_cat":[15,36,35],"product_tag":[],"class_list":{"0":"post-4303","1":"product","2":"type-product","3":"status-publish","4":"has-post-thumbnail","6":"product_cat-uncategorized","7":"product_cat-seasonal-discounts","8":"product_cat-fun","10":"first","11":"instock","12":"sale","13":"taxable","14":"shipping-taxable","15":"purchasable","16":"product-type-simple"},"acf":[],"_links":{"self":[{"href":"https:\/\/non-stopshop.eu\/pl\/wp-json\/wp\/v2\/product\/4303","targetHints":{"allow":["GET"]}}],"collection":[{"href":"https:\/\/non-stopshop.eu\/pl\/wp-json\/wp\/v2\/product"}],"about":[{"href":"https:\/\/non-stopshop.eu\/pl\/wp-json\/wp\/v2\/types\/product"}],"replies":[{"embeddable":true,"href":"https:\/\/non-stopshop.eu\/pl\/wp-json\/wp\/v2\/comments?post=4303"}],"wp:featuredmedia":[{"embeddable":true,"href":"https:\/\/non-stopshop.eu\/pl\/wp-json\/wp\/v2\/media\/4310"}],"wp:attachment":[{"href":"https:\/\/non-stopshop.eu\/pl\/wp-json\/wp\/v2\/media?parent=4303"}],"wp:term":[{"taxonomy":"product_brand","embeddable":true,"href":"https:\/\/non-stopshop.eu\/pl\/wp-json\/wp\/v2\/product_brand?post=4303"},{"taxonomy":"product_cat","embeddable":true,"href":"https:\/\/non-stopshop.eu\/pl\/wp-json\/wp\/v2\/product_cat?post=4303"},{"taxonomy":"product_tag","embeddable":true,"href":"https:\/\/non-stopshop.eu\/pl\/wp-json\/wp\/v2\/product_tag?post=4303"}],"curies":[{"name":"wp","href":"https:\/\/api.w.org\/{rel}","templated":true}]}}