{"id":4317,"date":"2022-09-09T11:50:19","date_gmt":"2022-09-09T09:50:19","guid":{"rendered":"https:\/\/non-stopshop.eu\/pl\/?post_type=product&#038;p=4317"},"modified":"2022-09-28T15:01:01","modified_gmt":"2022-09-28T13:01:01","slug":"4-w-1-reczny-elektryczny-zestaw-do-krojenia-warzyw","status":"publish","type":"product","link":"https:\/\/non-stopshop.eu\/pl\/produkt\/4-w-1-reczny-elektryczny-zestaw-do-krojenia-warzyw\/","title":{"rendered":"4-w-1-r\u0119czny-elektryczny zestaw do krojenia warzyw"},"content":{"rendered":"","protected":false},"excerpt":{"rendered":"<p>Wielofunkcyjny zestaw 4 w 1 do krojenia owoc\u00f3w, warzyw, szczotka elektryczna lub maszynki do mielenia mi\u0119sa. Mo\u017cesz pracowa\u0107 z jednym wyrobem na wiele r\u00f3\u017cnych sposob\u00f3w.<\/p>\n","protected":false},"featured_media":4328,"comment_status":"closed","ping_status":"closed","template":"","meta":{"inline_featured_image":false},"product_brand":[],"product_cat":[15,27,36,35],"product_tag":[],"class_list":{"0":"post-4317","1":"product","2":"type-product","3":"status-publish","4":"has-post-thumbnail","6":"product_cat-uncategorized","7":"product_cat-home","8":"product_cat-seasonal-discounts","9":"product_cat-fun","11":"first","12":"instock","13":"sale","14":"taxable","15":"shipping-taxable","16":"purchasable","17":"product-type-simple"},"acf":[],"_links":{"self":[{"href":"https:\/\/non-stopshop.eu\/pl\/wp-json\/wp\/v2\/product\/4317","targetHints":{"allow":["GET"]}}],"collection":[{"href":"https:\/\/non-stopshop.eu\/pl\/wp-json\/wp\/v2\/product"}],"about":[{"href":"https:\/\/non-stopshop.eu\/pl\/wp-json\/wp\/v2\/types\/product"}],"replies":[{"embeddable":true,"href":"https:\/\/non-stopshop.eu\/pl\/wp-json\/wp\/v2\/comments?post=4317"}],"wp:featuredmedia":[{"embeddable":true,"href":"https:\/\/non-stopshop.eu\/pl\/wp-json\/wp\/v2\/media\/4328"}],"wp:attachment":[{"href":"https:\/\/non-stopshop.eu\/pl\/wp-json\/wp\/v2\/media?parent=4317"}],"wp:term":[{"taxonomy":"product_brand","embeddable":true,"href":"https:\/\/non-stopshop.eu\/pl\/wp-json\/wp\/v2\/product_brand?post=4317"},{"taxonomy":"product_cat","embeddable":true,"href":"https:\/\/non-stopshop.eu\/pl\/wp-json\/wp\/v2\/product_cat?post=4317"},{"taxonomy":"product_tag","embeddable":true,"href":"https:\/\/non-stopshop.eu\/pl\/wp-json\/wp\/v2\/product_tag?post=4317"}],"curies":[{"name":"wp","href":"https:\/\/api.w.org\/{rel}","templated":true}]}}