{"id":4337,"date":"2022-09-09T14:33:34","date_gmt":"2022-09-09T12:33:34","guid":{"rendered":"https:\/\/non-stopshop.eu\/pl\/?post_type=product&#038;p=4337"},"modified":"2023-07-24T15:02:50","modified_gmt":"2023-07-24T13:02:50","slug":"spiderman-rekawica-do-strzelania","status":"publish","type":"product","link":"https:\/\/non-stopshop.eu\/pl\/produkt\/spiderman-rekawica-do-strzelania\/","title":{"rendered":"Spiderman r\u0119kawica do strzelania"},"content":{"rendered":"","protected":false},"excerpt":{"rendered":"<p>Opis g\u0142\u00f3wny Zafunduj swoim dzieciom niezapomnian\u0105 zabaw\u0119 dzi\u0119ki tym super r\u0119kawiczkom strzeleckim Spiderman. W pe\u0142ni interaktywna i bezpieczna gra, kt\u00f3r\u0105 pokochaj\u0105 Twoje ma\u0142y super bohaterowie uwielbia\u0107 !<\/p>\n","protected":false},"featured_media":4340,"comment_status":"closed","ping_status":"closed","template":"","meta":{"inline_featured_image":false},"product_brand":[],"product_cat":[15,36,35],"product_tag":[],"class_list":{"0":"post-4337","1":"product","2":"type-product","3":"status-publish","4":"has-post-thumbnail","6":"product_cat-uncategorized","7":"product_cat-seasonal-discounts","8":"product_cat-fun","10":"first","11":"instock","12":"sale","13":"taxable","14":"shipping-taxable","15":"purchasable","16":"product-type-simple"},"acf":[],"_links":{"self":[{"href":"https:\/\/non-stopshop.eu\/pl\/wp-json\/wp\/v2\/product\/4337","targetHints":{"allow":["GET"]}}],"collection":[{"href":"https:\/\/non-stopshop.eu\/pl\/wp-json\/wp\/v2\/product"}],"about":[{"href":"https:\/\/non-stopshop.eu\/pl\/wp-json\/wp\/v2\/types\/product"}],"replies":[{"embeddable":true,"href":"https:\/\/non-stopshop.eu\/pl\/wp-json\/wp\/v2\/comments?post=4337"}],"wp:featuredmedia":[{"embeddable":true,"href":"https:\/\/non-stopshop.eu\/pl\/wp-json\/wp\/v2\/media\/4340"}],"wp:attachment":[{"href":"https:\/\/non-stopshop.eu\/pl\/wp-json\/wp\/v2\/media?parent=4337"}],"wp:term":[{"taxonomy":"product_brand","embeddable":true,"href":"https:\/\/non-stopshop.eu\/pl\/wp-json\/wp\/v2\/product_brand?post=4337"},{"taxonomy":"product_cat","embeddable":true,"href":"https:\/\/non-stopshop.eu\/pl\/wp-json\/wp\/v2\/product_cat?post=4337"},{"taxonomy":"product_tag","embeddable":true,"href":"https:\/\/non-stopshop.eu\/pl\/wp-json\/wp\/v2\/product_tag?post=4337"}],"curies":[{"name":"wp","href":"https:\/\/api.w.org\/{rel}","templated":true}]}}