{"id":4602,"date":"2022-10-25T12:13:09","date_gmt":"2022-10-25T10:13:09","guid":{"rendered":"https:\/\/non-stopshop.eu\/pl\/?post_type=product&#038;p=4602"},"modified":"2023-11-10T10:12:32","modified_gmt":"2023-11-10T09:12:32","slug":"projektor-holograficzny","status":"publish","type":"product","link":"https:\/\/non-stopshop.eu\/pl\/produkt\/projektor-holograficzny\/","title":{"rendered":"Projektor holograficzny"},"content":{"rendered":"","protected":false},"excerpt":{"rendered":"<p>Przenie\u015b dekoracj\u0119 domu podczas \u015bwi\u0119ta na wy\u017cszy poziom. 12 r\u00f3\u017cnych projekcji sprawi, \u017ce te \u015bwi\u0119ta b\u0119d\u0105 niezapomniane. Spraw, aby Tw\u00f3j dom by\u0142 najstraszniejszy na Noc czarownic i najszcz\u0119\u015bliwszy na Bo\u017ce Narodzenie.<\/p>\n","protected":false},"featured_media":4606,"comment_status":"closed","ping_status":"closed","template":"","meta":{"inline_featured_image":false},"product_brand":[],"product_cat":[15,27,36,35],"product_tag":[],"class_list":{"0":"post-4602","1":"product","2":"type-product","3":"status-publish","4":"has-post-thumbnail","6":"product_cat-uncategorized","7":"product_cat-home","8":"product_cat-seasonal-discounts","9":"product_cat-fun","11":"first","12":"instock","13":"sale","14":"taxable","15":"shipping-taxable","16":"purchasable","17":"product-type-simple"},"acf":[],"_links":{"self":[{"href":"https:\/\/non-stopshop.eu\/pl\/wp-json\/wp\/v2\/product\/4602","targetHints":{"allow":["GET"]}}],"collection":[{"href":"https:\/\/non-stopshop.eu\/pl\/wp-json\/wp\/v2\/product"}],"about":[{"href":"https:\/\/non-stopshop.eu\/pl\/wp-json\/wp\/v2\/types\/product"}],"replies":[{"embeddable":true,"href":"https:\/\/non-stopshop.eu\/pl\/wp-json\/wp\/v2\/comments?post=4602"}],"wp:featuredmedia":[{"embeddable":true,"href":"https:\/\/non-stopshop.eu\/pl\/wp-json\/wp\/v2\/media\/4606"}],"wp:attachment":[{"href":"https:\/\/non-stopshop.eu\/pl\/wp-json\/wp\/v2\/media?parent=4602"}],"wp:term":[{"taxonomy":"product_brand","embeddable":true,"href":"https:\/\/non-stopshop.eu\/pl\/wp-json\/wp\/v2\/product_brand?post=4602"},{"taxonomy":"product_cat","embeddable":true,"href":"https:\/\/non-stopshop.eu\/pl\/wp-json\/wp\/v2\/product_cat?post=4602"},{"taxonomy":"product_tag","embeddable":true,"href":"https:\/\/non-stopshop.eu\/pl\/wp-json\/wp\/v2\/product_tag?post=4602"}],"curies":[{"name":"wp","href":"https:\/\/api.w.org\/{rel}","templated":true}]}}