{"id":4650,"date":"2022-11-16T09:54:17","date_gmt":"2022-11-16T08:54:17","guid":{"rendered":"https:\/\/non-stopshop.eu\/pl\/?post_type=product&#038;p=4650"},"modified":"2023-03-21T09:53:34","modified_gmt":"2023-03-21T08:53:34","slug":"nasadka-do-ciecia-metalu","status":"publish","type":"product","link":"https:\/\/non-stopshop.eu\/pl\/produkt\/nasadka-do-ciecia-metalu\/","title":{"rendered":"Nasadka do ci\u0119cia metalu"},"content":{"rendered":"","protected":false},"excerpt":{"rendered":"<p>Wysoka pr\u0119dko\u015b\u0107 ci\u0119cia oraz czyste i precyzyjne ci\u0119cia pozwol\u0105 Ci uzyska\u0107 maksymaln\u0105 wydajno\u015b\u0107 i precyzj\u0119 Doskonale porusza si\u0119 po ciasnych wzorach i naro\u017cnikach, zapewniaj\u0105c za ka\u017cdym razem optymalne ci\u0119cie.<\/p>\n","protected":false},"featured_media":4654,"comment_status":"closed","ping_status":"closed","template":"","meta":{"inline_featured_image":false},"product_brand":[],"product_cat":[15,27,36],"product_tag":[],"class_list":{"0":"post-4650","1":"product","2":"type-product","3":"status-publish","4":"has-post-thumbnail","6":"product_cat-uncategorized","7":"product_cat-home","8":"product_cat-seasonal-discounts","10":"first","11":"instock","12":"sale","13":"taxable","14":"shipping-taxable","15":"purchasable","16":"product-type-simple"},"acf":[],"_links":{"self":[{"href":"https:\/\/non-stopshop.eu\/pl\/wp-json\/wp\/v2\/product\/4650","targetHints":{"allow":["GET"]}}],"collection":[{"href":"https:\/\/non-stopshop.eu\/pl\/wp-json\/wp\/v2\/product"}],"about":[{"href":"https:\/\/non-stopshop.eu\/pl\/wp-json\/wp\/v2\/types\/product"}],"replies":[{"embeddable":true,"href":"https:\/\/non-stopshop.eu\/pl\/wp-json\/wp\/v2\/comments?post=4650"}],"wp:featuredmedia":[{"embeddable":true,"href":"https:\/\/non-stopshop.eu\/pl\/wp-json\/wp\/v2\/media\/4654"}],"wp:attachment":[{"href":"https:\/\/non-stopshop.eu\/pl\/wp-json\/wp\/v2\/media?parent=4650"}],"wp:term":[{"taxonomy":"product_brand","embeddable":true,"href":"https:\/\/non-stopshop.eu\/pl\/wp-json\/wp\/v2\/product_brand?post=4650"},{"taxonomy":"product_cat","embeddable":true,"href":"https:\/\/non-stopshop.eu\/pl\/wp-json\/wp\/v2\/product_cat?post=4650"},{"taxonomy":"product_tag","embeddable":true,"href":"https:\/\/non-stopshop.eu\/pl\/wp-json\/wp\/v2\/product_tag?post=4650"}],"curies":[{"name":"wp","href":"https:\/\/api.w.org\/{rel}","templated":true}]}}